{"id":460,"date":"2025-10-07T04:43:07","date_gmt":"2025-10-07T04:43:07","guid":{"rendered":"https:\/\/demo.sachtienganhtphcm.com\/?page_id=460"},"modified":"2025-10-10T01:18:33","modified_gmt":"2025-10-10T01:18:33","slug":"tap-chi-pi-post-demo-2","status":"publish","type":"page","link":"https:\/\/demo.sachtienganhtphcm.com\/index.php\/tap-chi-pi\/tap-chi-pi-post-demo-2\/","title":{"rendered":"C\u00c1C S\u1ed0 T\u1ea0P CH\u00cd"},"content":{"rendered":"\t\t<div data-elementor-type=\"wp-page\" data-elementor-id=\"460\" class=\"elementor elementor-460\" data-elementor-post-type=\"page\">\n\t\t\t\t<div class=\"elementor-element elementor-element-da30310 e-flex e-con-boxed e-con e-parent\" data-id=\"da30310\" data-element_type=\"container\">\n\t\t\t\t\t<div class=\"e-con-inner\">\n\t\t\t\t<div class=\"elementor-element elementor-element-0a1b679 elementor-widget elementor-widget-elementskit-heading\" data-id=\"0a1b679\" data-element_type=\"widget\" data-widget_type=\"elementskit-heading.default\">\n\t\t\t\t\t<div class=\"ekit-wid-con\" ><div class=\"ekit-heading elementskit-section-title-wraper text_center   ekit_heading_tablet-   ekit_heading_mobile-\"><h2 class=\"ekit-heading--title elementskit-section-title \">T\u1ea1p ch\u00ed Pi<\/h2>\t\t\t\t<div class='ekit-heading__description'>\n\t\t\t\t\t<p><em>T\u1ea1p ch\u00ed Pi \u2013 nu\u00f4i d\u01b0\u1ee1ng tr\u00ed t\u00f2 m\u00f2, kh\u01a1i g\u1ee3i ni\u1ec1m vui h\u1ecdc h\u1ecfi<\/em><\/p>\n\t\t\t\t<\/div>\n\t\t\t<\/div><\/div>\t\t\t\t<\/div>\n\t\t\t\t<div class=\"elementor-element elementor-element-c56ca8f elementor-widget elementor-widget-shortcode\" data-id=\"c56ca8f\" data-element_type=\"widget\" data-widget_type=\"shortcode.default\">\n\t\t\t\t\t\t\t<div class=\"elementor-shortcode\">    <form id=\"category-filter\" method=\"get\" action=\"\">\n        <div class=\"dropdown-inline\">\n            <span class=\"dropdown-label\">C\u00e1c s\u1ed1 \u0111\u00e3 v\u00e0 \u0111ang ph\u00e1t h\u00e0nh<\/span>\n            <select name=\"filter\" onchange=\"this.form.submit();\">\n                <option value=\"\">T\u1ea5t c\u1ea3 c\u00e1c n\u0103m<\/option>\n                <option value=\"y2017\" >2017<\/option>\n                <option value=\"y2018\" >2018<\/option>\n                <option value=\"y2019\" >2019<\/option>\n            <\/select>\n        <\/div>\n    <\/form>\n    \n<\/div>\n\t\t\t\t\t\t<\/div>\n\t\t\t\t<div class=\"elementor-element elementor-element-dc1fc9d elementor-grid-4 elementor-grid-tablet-2 elementor-grid-mobile-1 elementor-widget elementor-widget-loop-grid\" data-id=\"dc1fc9d\" data-element_type=\"widget\" data-settings=\"{&quot;template_id&quot;:&quot;366&quot;,&quot;columns&quot;:4,&quot;pagination_type&quot;:&quot;numbers&quot;,&quot;_skin&quot;:&quot;post&quot;,&quot;columns_tablet&quot;:&quot;2&quot;,&quot;columns_mobile&quot;:&quot;1&quot;,&quot;edit_handle_selector&quot;:&quot;[data-elementor-type=\\&quot;loop-item\\&quot;]&quot;,&quot;pagination_load_type&quot;:&quot;page_reload&quot;,&quot;row_gap&quot;:{&quot;unit&quot;:&quot;px&quot;,&quot;size&quot;:&quot;&quot;,&quot;sizes&quot;:[]},&quot;row_gap_tablet&quot;:{&quot;unit&quot;:&quot;px&quot;,&quot;size&quot;:&quot;&quot;,&quot;sizes&quot;:[]},&quot;row_gap_mobile&quot;:{&quot;unit&quot;:&quot;px&quot;,&quot;size&quot;:&quot;&quot;,&quot;sizes&quot;:[]}}\" data-elementor-query-id=\"\" data-widget_type=\"loop-grid.post\">\n\t\t\t\t<div class=\"elementor-widget-container\">\n\t\t\t\t\t\t\t<div class=\"elementor-loop-container elementor-grid\" role=\"list\">\n\t\t<style id=\"loop-366\">.elementor-366 .elementor-element.elementor-element-3b73011{--display:flex;}.elementor-widget-theme-post-featured-image .widget-image-caption{color:var( --e-global-color-text );font-family:var( --e-global-typography-text-font-family ), Sans-serif;font-weight:var( --e-global-typography-text-font-weight );}.elementor-366 .elementor-element.elementor-element-5ec1ff1 img{border-style:solid;border-width:0px 0px 0px 0px;border-radius:10px 10px 10px 10px;box-shadow:9px 5px 19px -5px rgba(0,0,0,0.5);}.elementor-widget-theme-post-title .elementor-heading-title{font-family:var( --e-global-typography-primary-font-family ), Sans-serif;font-weight:var( --e-global-typography-primary-font-weight );color:var( --e-global-color-primary );}.elementor-366 .elementor-element.elementor-element-00aade6 .elementor-heading-title{font-family:\"Inter\", Sans-serif;font-size:21px;font-weight:600;text-transform:uppercase;font-style:normal;line-height:35px;-webkit-text-stroke-width:0px;stroke-width:0px;-webkit-text-stroke-color:#000;stroke:#000;text-shadow:0px 0px 0px rgba(0,0,0,0.3);color:#CF2B71;}.elementor-widget-post-info .elementor-icon-list-item:not(:last-child):after{border-color:var( --e-global-color-text );}.elementor-widget-post-info .elementor-icon-list-icon i{color:var( --e-global-color-primary );}.elementor-widget-post-info .elementor-icon-list-icon svg{fill:var( --e-global-color-primary );}.elementor-widget-post-info .elementor-icon-list-text, .elementor-widget-post-info .elementor-icon-list-text a{color:var( --e-global-color-secondary );}.elementor-widget-post-info .elementor-icon-list-item{font-family:var( --e-global-typography-text-font-family ), Sans-serif;font-weight:var( --e-global-typography-text-font-weight );}.elementor-366 .elementor-element.elementor-element-ba03c15 .elementor-icon-list-item:not(:last-child):after{content:\"\";border-color:#ddd;}.elementor-366 .elementor-element.elementor-element-ba03c15 .elementor-icon-list-items:not(.elementor-inline-items) .elementor-icon-list-item:not(:last-child):after{border-top-style:solid;border-top-width:1px;}.elementor-366 .elementor-element.elementor-element-ba03c15 .elementor-icon-list-items.elementor-inline-items .elementor-icon-list-item:not(:last-child):after{border-left-style:solid;}.elementor-366 .elementor-element.elementor-element-ba03c15 .elementor-inline-items .elementor-icon-list-item:not(:last-child):after{border-left-width:1px;}.elementor-366 .elementor-element.elementor-element-ba03c15 .elementor-icon-list-icon i{color:#CF2B71;font-size:17px;}.elementor-366 .elementor-element.elementor-element-ba03c15 .elementor-icon-list-icon svg{fill:#CF2B71;--e-icon-list-icon-size:17px;}.elementor-366 .elementor-element.elementor-element-ba03c15 .elementor-icon-list-icon{width:17px;}.elementor-366 .elementor-element.elementor-element-ba03c15 .elementor-icon-list-text, .elementor-366 .elementor-element.elementor-element-ba03c15 .elementor-icon-list-text a{color:#000000;}.elementor-366 .elementor-element.elementor-element-ba03c15 .elementor-icon-list-item{font-family:\"Inter Tight\", Sans-serif;font-weight:400;}.elementor-widget-button .elementor-button{background-color:var( --e-global-color-accent );font-family:var( --e-global-typography-accent-font-family ), Sans-serif;font-weight:var( --e-global-typography-accent-font-weight );}.elementor-366 .elementor-element.elementor-element-e84822b .elementor-button{background-color:#CF2B71;box-shadow:2px 2px 12px -5px rgba(0,0,0,0.5);border-radius:22px 22px 22px 22px;}\/* Start custom CSS for theme-post-featured-image, class: .elementor-element-5ec1ff1 *\/.elementor-366 .elementor-element.elementor-element-5ec1ff1 {\r\n  transition: transform 0.3s ease, box-shadow 0.3s ease;\r\n}\r\n\r\n.elementor-366 .elementor-element.elementor-element-5ec1ff1:hover {\r\n  transform: rotate(2deg) translateY(-5px);\r\n  box-shadow: 0 10px 20px rgba(0, 0, 0, 0.15);\r\n}\/* End custom CSS *\/<\/style>\t\t<div data-elementor-type=\"loop-item\" data-elementor-id=\"366\" class=\"elementor elementor-366 e-loop-item e-loop-item-285 post-285 post type-post status-publish format-standard has-post-thumbnail hentry category-y2019 category-tap-chi\" data-elementor-post-type=\"elementor_library\" data-custom-edit-handle=\"1\">\n\t\t\t<div class=\"elementor-element elementor-element-3b73011 e-flex e-con-boxed e-con e-parent\" data-id=\"3b73011\" data-element_type=\"container\">\n\t\t\t\t\t<div class=\"e-con-inner\">\n\t\t\t\t<div class=\"elementor-element elementor-element-5ec1ff1 elementor-widget elementor-widget-theme-post-featured-image elementor-widget-image\" data-id=\"5ec1ff1\" data-element_type=\"widget\" data-widget_type=\"theme-post-featured-image.default\">\n\t\t\t\t\t\t\t\t\t\t\t\t\t\t\t\t<a href=\"https:\/\/demo.sachtienganhtphcm.com\/index.php\/2025\/10\/06\/tap-chi-pi-tap-3-so-4-2019\/\">\n\t\t\t\t\t\t\t<img fetchpriority=\"high\" decoding=\"async\" width=\"650\" height=\"925\" src=\"https:\/\/demo.sachtienganhtphcm.com\/wp-content\/uploads\/2025\/10\/Screenshot-2025-10-06-082028.png\" class=\"attachment-large size-large wp-image-287\" alt=\"\" srcset=\"https:\/\/demo.sachtienganhtphcm.com\/wp-content\/uploads\/2025\/10\/Screenshot-2025-10-06-082028.png 650w, https:\/\/demo.sachtienganhtphcm.com\/wp-content\/uploads\/2025\/10\/Screenshot-2025-10-06-082028-211x300.png 211w\" sizes=\"(max-width: 650px) 100vw, 650px\" \/>\t\t\t\t\t\t\t\t<\/a>\n\t\t\t\t\t\t\t\t\t\t\t\t\t\t\t<\/div>\n\t\t\t\t<div class=\"elementor-element elementor-element-00aade6 elementor-widget elementor-widget-theme-post-title elementor-page-title elementor-widget-heading\" data-id=\"00aade6\" data-element_type=\"widget\" data-widget_type=\"theme-post-title.default\">\n\t\t\t\t\t<h1 class=\"elementor-heading-title elementor-size-default\"><a href=\"https:\/\/demo.sachtienganhtphcm.com\/index.php\/2025\/10\/06\/tap-chi-pi-tap-3-so-4-2019\/\">T\u1ea1p ch\u00ed Pi T\u1eadp 3 S\u1ed1 4 &#8211; 2019<\/a><\/h1>\t\t\t\t<\/div>\n\t\t\t\t<div class=\"elementor-element elementor-element-ba03c15 elementor-widget elementor-widget-post-info\" data-id=\"ba03c15\" data-element_type=\"widget\" data-widget_type=\"post-info.default\">\n\t\t\t\t\t\t\t<ul class=\"elementor-inline-items elementor-icon-list-items elementor-post-info\">\n\t\t\t\t\t\t\t\t<li class=\"elementor-icon-list-item elementor-repeater-item-44e97a9 elementor-inline-item\" itemprop=\"datePublished\">\n\t\t\t\t\t\t<a href=\"https:\/\/demo.sachtienganhtphcm.com\/index.php\/2025\/10\/06\/\">\n\t\t\t\t\t\t\t\t\t\t\t<span class=\"elementor-icon-list-icon\">\n\t\t\t\t\t\t\t\t<svg aria-hidden=\"true\" class=\"e-font-icon-svg e-fas-calendar\" viewBox=\"0 0 448 512\" xmlns=\"http:\/\/www.w3.org\/2000\/svg\"><path d=\"M12 192h424c6.6 0 12 5.4 12 12v260c0 26.5-21.5 48-48 48H48c-26.5 0-48-21.5-48-48V204c0-6.6 5.4-12 12-12zm436-44v-36c0-26.5-21.5-48-48-48h-48V12c0-6.6-5.4-12-12-12h-40c-6.6 0-12 5.4-12 12v52H160V12c0-6.6-5.4-12-12-12h-40c-6.6 0-12 5.4-12 12v52H48C21.5 64 0 85.5 0 112v36c0 6.6 5.4 12 12 12h424c6.6 0 12-5.4 12-12z\"><\/path><\/svg>\t\t\t\t\t\t\t<\/span>\n\t\t\t\t\t\t\t\t\t<span class=\"elementor-icon-list-text elementor-post-info__item elementor-post-info__item--type-date\">\n\t\t\t\t\t\t\t\t\t\t<time>October 6, 2025<\/time>\t\t\t\t\t<\/span>\n\t\t\t\t\t\t\t\t\t<\/a>\n\t\t\t\t<\/li>\n\t\t\t\t<\/ul>\n\t\t\t\t\t\t<\/div>\n\t\t\t\t<div class=\"elementor-element elementor-element-e84822b elementor-align-center elementor-widget elementor-widget-button\" data-id=\"e84822b\" data-element_type=\"widget\" data-widget_type=\"button.default\">\n\t\t\t\t\t\t\t\t\t\t<a class=\"elementor-button elementor-button-link elementor-size-sm\" href=\"https:\/\/demo.sachtienganhtphcm.com\/index.php\/2025\/10\/06\/tap-chi-pi-tap-3-so-4-2019\/\">\n\t\t\t\t\t\t<span class=\"elementor-button-content-wrapper\">\n\t\t\t\t\t\t\t\t\t<span class=\"elementor-button-text\">\u0110\u1ecdc th\u00eam<\/span>\n\t\t\t\t\t<\/span>\n\t\t\t\t\t<\/a>\n\t\t\t\t\t\t\t\t<\/div>\n\t\t\t\t\t<\/div>\n\t\t\t\t<\/div>\n\t\t\t\t<\/div>\n\t\t\t\t<div data-elementor-type=\"loop-item\" data-elementor-id=\"366\" class=\"elementor elementor-366 e-loop-item e-loop-item-279 post-279 post type-post status-publish format-standard has-post-thumbnail hentry category-y2019 category-tap-chi\" data-elementor-post-type=\"elementor_library\" data-custom-edit-handle=\"1\">\n\t\t\t<div class=\"elementor-element elementor-element-3b73011 e-flex e-con-boxed e-con e-parent\" data-id=\"3b73011\" data-element_type=\"container\">\n\t\t\t\t\t<div class=\"e-con-inner\">\n\t\t\t\t<div class=\"elementor-element elementor-element-5ec1ff1 elementor-widget elementor-widget-theme-post-featured-image elementor-widget-image\" data-id=\"5ec1ff1\" data-element_type=\"widget\" data-widget_type=\"theme-post-featured-image.default\">\n\t\t\t\t\t\t\t\t\t\t\t\t\t\t\t\t<a href=\"https:\/\/demo.sachtienganhtphcm.com\/index.php\/2025\/10\/06\/tap-chi-pi-tap-3-so-3-2019\/\">\n\t\t\t\t\t\t\t<img decoding=\"async\" width=\"662\" height=\"988\" src=\"https:\/\/demo.sachtienganhtphcm.com\/wp-content\/uploads\/2025\/10\/Screenshot-2025-10-06-081807.png\" class=\"attachment-large size-large wp-image-284\" alt=\"\" srcset=\"https:\/\/demo.sachtienganhtphcm.com\/wp-content\/uploads\/2025\/10\/Screenshot-2025-10-06-081807.png 662w, https:\/\/demo.sachtienganhtphcm.com\/wp-content\/uploads\/2025\/10\/Screenshot-2025-10-06-081807-201x300.png 201w\" sizes=\"(max-width: 662px) 100vw, 662px\" \/>\t\t\t\t\t\t\t\t<\/a>\n\t\t\t\t\t\t\t\t\t\t\t\t\t\t\t<\/div>\n\t\t\t\t<div class=\"elementor-element elementor-element-00aade6 elementor-widget elementor-widget-theme-post-title elementor-page-title elementor-widget-heading\" data-id=\"00aade6\" data-element_type=\"widget\" data-widget_type=\"theme-post-title.default\">\n\t\t\t\t\t<h1 class=\"elementor-heading-title elementor-size-default\"><a href=\"https:\/\/demo.sachtienganhtphcm.com\/index.php\/2025\/10\/06\/tap-chi-pi-tap-3-so-3-2019\/\">T\u1ea1p ch\u00ed Pi T\u1eadp 3 S\u1ed1 3 &#8211; 2019<\/a><\/h1>\t\t\t\t<\/div>\n\t\t\t\t<div class=\"elementor-element elementor-element-ba03c15 elementor-widget elementor-widget-post-info\" data-id=\"ba03c15\" data-element_type=\"widget\" data-widget_type=\"post-info.default\">\n\t\t\t\t\t\t\t<ul class=\"elementor-inline-items elementor-icon-list-items elementor-post-info\">\n\t\t\t\t\t\t\t\t<li class=\"elementor-icon-list-item elementor-repeater-item-44e97a9 elementor-inline-item\" itemprop=\"datePublished\">\n\t\t\t\t\t\t<a href=\"https:\/\/demo.sachtienganhtphcm.com\/index.php\/2025\/10\/06\/\">\n\t\t\t\t\t\t\t\t\t\t\t<span class=\"elementor-icon-list-icon\">\n\t\t\t\t\t\t\t\t<svg aria-hidden=\"true\" class=\"e-font-icon-svg e-fas-calendar\" viewBox=\"0 0 448 512\" xmlns=\"http:\/\/www.w3.org\/2000\/svg\"><path d=\"M12 192h424c6.6 0 12 5.4 12 12v260c0 26.5-21.5 48-48 48H48c-26.5 0-48-21.5-48-48V204c0-6.6 5.4-12 12-12zm436-44v-36c0-26.5-21.5-48-48-48h-48V12c0-6.6-5.4-12-12-12h-40c-6.6 0-12 5.4-12 12v52H160V12c0-6.6-5.4-12-12-12h-40c-6.6 0-12 5.4-12 12v52H48C21.5 64 0 85.5 0 112v36c0 6.6 5.4 12 12 12h424c6.6 0 12-5.4 12-12z\"><\/path><\/svg>\t\t\t\t\t\t\t<\/span>\n\t\t\t\t\t\t\t\t\t<span class=\"elementor-icon-list-text elementor-post-info__item elementor-post-info__item--type-date\">\n\t\t\t\t\t\t\t\t\t\t<time>October 6, 2025<\/time>\t\t\t\t\t<\/span>\n\t\t\t\t\t\t\t\t\t<\/a>\n\t\t\t\t<\/li>\n\t\t\t\t<\/ul>\n\t\t\t\t\t\t<\/div>\n\t\t\t\t<div class=\"elementor-element elementor-element-e84822b elementor-align-center elementor-widget elementor-widget-button\" data-id=\"e84822b\" data-element_type=\"widget\" data-widget_type=\"button.default\">\n\t\t\t\t\t\t\t\t\t\t<a class=\"elementor-button elementor-button-link elementor-size-sm\" href=\"https:\/\/demo.sachtienganhtphcm.com\/index.php\/2025\/10\/06\/tap-chi-pi-tap-3-so-3-2019\/\">\n\t\t\t\t\t\t<span class=\"elementor-button-content-wrapper\">\n\t\t\t\t\t\t\t\t\t<span class=\"elementor-button-text\">\u0110\u1ecdc th\u00eam<\/span>\n\t\t\t\t\t<\/span>\n\t\t\t\t\t<\/a>\n\t\t\t\t\t\t\t\t<\/div>\n\t\t\t\t\t<\/div>\n\t\t\t\t<\/div>\n\t\t\t\t<\/div>\n\t\t\t\t<div data-elementor-type=\"loop-item\" data-elementor-id=\"366\" class=\"elementor elementor-366 e-loop-item e-loop-item-273 post-273 post type-post status-publish format-standard has-post-thumbnail hentry category-y2019 category-tap-chi\" data-elementor-post-type=\"elementor_library\" data-custom-edit-handle=\"1\">\n\t\t\t<div class=\"elementor-element elementor-element-3b73011 e-flex e-con-boxed e-con e-parent\" data-id=\"3b73011\" data-element_type=\"container\">\n\t\t\t\t\t<div class=\"e-con-inner\">\n\t\t\t\t<div class=\"elementor-element elementor-element-5ec1ff1 elementor-widget elementor-widget-theme-post-featured-image elementor-widget-image\" data-id=\"5ec1ff1\" data-element_type=\"widget\" data-widget_type=\"theme-post-featured-image.default\">\n\t\t\t\t\t\t\t\t\t\t\t\t\t\t\t\t<a href=\"https:\/\/demo.sachtienganhtphcm.com\/index.php\/2025\/10\/05\/tap-chi-pi-tap-3-so-1-2019-2\/\">\n\t\t\t\t\t\t\t<img decoding=\"async\" width=\"615\" height=\"906\" src=\"https:\/\/demo.sachtienganhtphcm.com\/wp-content\/uploads\/2025\/10\/Screenshot-2025-10-06-001913.png\" class=\"attachment-large size-large wp-image-278\" alt=\"\" srcset=\"https:\/\/demo.sachtienganhtphcm.com\/wp-content\/uploads\/2025\/10\/Screenshot-2025-10-06-001913.png 615w, https:\/\/demo.sachtienganhtphcm.com\/wp-content\/uploads\/2025\/10\/Screenshot-2025-10-06-001913-204x300.png 204w\" sizes=\"(max-width: 615px) 100vw, 615px\" \/>\t\t\t\t\t\t\t\t<\/a>\n\t\t\t\t\t\t\t\t\t\t\t\t\t\t\t<\/div>\n\t\t\t\t<div class=\"elementor-element elementor-element-00aade6 elementor-widget elementor-widget-theme-post-title elementor-page-title elementor-widget-heading\" data-id=\"00aade6\" data-element_type=\"widget\" data-widget_type=\"theme-post-title.default\">\n\t\t\t\t\t<h1 class=\"elementor-heading-title elementor-size-default\"><a href=\"https:\/\/demo.sachtienganhtphcm.com\/index.php\/2025\/10\/05\/tap-chi-pi-tap-3-so-1-2019-2\/\">T\u1ea1p ch\u00ed Pi T\u1eadp 3 S\u1ed1 2 &#8211; 2019<\/a><\/h1>\t\t\t\t<\/div>\n\t\t\t\t<div class=\"elementor-element elementor-element-ba03c15 elementor-widget elementor-widget-post-info\" data-id=\"ba03c15\" data-element_type=\"widget\" data-widget_type=\"post-info.default\">\n\t\t\t\t\t\t\t<ul class=\"elementor-inline-items elementor-icon-list-items elementor-post-info\">\n\t\t\t\t\t\t\t\t<li class=\"elementor-icon-list-item elementor-repeater-item-44e97a9 elementor-inline-item\" itemprop=\"datePublished\">\n\t\t\t\t\t\t<a href=\"https:\/\/demo.sachtienganhtphcm.com\/index.php\/2025\/10\/05\/\">\n\t\t\t\t\t\t\t\t\t\t\t<span class=\"elementor-icon-list-icon\">\n\t\t\t\t\t\t\t\t<svg aria-hidden=\"true\" class=\"e-font-icon-svg e-fas-calendar\" viewBox=\"0 0 448 512\" xmlns=\"http:\/\/www.w3.org\/2000\/svg\"><path d=\"M12 192h424c6.6 0 12 5.4 12 12v260c0 26.5-21.5 48-48 48H48c-26.5 0-48-21.5-48-48V204c0-6.6 5.4-12 12-12zm436-44v-36c0-26.5-21.5-48-48-48h-48V12c0-6.6-5.4-12-12-12h-40c-6.6 0-12 5.4-12 12v52H160V12c0-6.6-5.4-12-12-12h-40c-6.6 0-12 5.4-12 12v52H48C21.5 64 0 85.5 0 112v36c0 6.6 5.4 12 12 12h424c6.6 0 12-5.4 12-12z\"><\/path><\/svg>\t\t\t\t\t\t\t<\/span>\n\t\t\t\t\t\t\t\t\t<span class=\"elementor-icon-list-text elementor-post-info__item elementor-post-info__item--type-date\">\n\t\t\t\t\t\t\t\t\t\t<time>October 5, 2025<\/time>\t\t\t\t\t<\/span>\n\t\t\t\t\t\t\t\t\t<\/a>\n\t\t\t\t<\/li>\n\t\t\t\t<\/ul>\n\t\t\t\t\t\t<\/div>\n\t\t\t\t<div class=\"elementor-element elementor-element-e84822b elementor-align-center elementor-widget elementor-widget-button\" data-id=\"e84822b\" data-element_type=\"widget\" data-widget_type=\"button.default\">\n\t\t\t\t\t\t\t\t\t\t<a class=\"elementor-button elementor-button-link elementor-size-sm\" href=\"https:\/\/demo.sachtienganhtphcm.com\/index.php\/2025\/10\/05\/tap-chi-pi-tap-3-so-1-2019-2\/\">\n\t\t\t\t\t\t<span class=\"elementor-button-content-wrapper\">\n\t\t\t\t\t\t\t\t\t<span class=\"elementor-button-text\">\u0110\u1ecdc th\u00eam<\/span>\n\t\t\t\t\t<\/span>\n\t\t\t\t\t<\/a>\n\t\t\t\t\t\t\t\t<\/div>\n\t\t\t\t\t<\/div>\n\t\t\t\t<\/div>\n\t\t\t\t<\/div>\n\t\t\t\t<div data-elementor-type=\"loop-item\" data-elementor-id=\"366\" class=\"elementor elementor-366 e-loop-item e-loop-item-267 post-267 post type-post status-publish format-standard has-post-thumbnail hentry category-y2019 category-tap-chi\" data-elementor-post-type=\"elementor_library\" data-custom-edit-handle=\"1\">\n\t\t\t<div class=\"elementor-element elementor-element-3b73011 e-flex e-con-boxed e-con e-parent\" data-id=\"3b73011\" data-element_type=\"container\">\n\t\t\t\t\t<div class=\"e-con-inner\">\n\t\t\t\t<div class=\"elementor-element elementor-element-5ec1ff1 elementor-widget elementor-widget-theme-post-featured-image elementor-widget-image\" data-id=\"5ec1ff1\" data-element_type=\"widget\" data-widget_type=\"theme-post-featured-image.default\">\n\t\t\t\t\t\t\t\t\t\t\t\t\t\t\t\t<a href=\"https:\/\/demo.sachtienganhtphcm.com\/index.php\/2025\/10\/05\/tap-chi-pi-tap-3-so-1-2019\/\">\n\t\t\t\t\t\t\t<img loading=\"lazy\" decoding=\"async\" width=\"632\" height=\"917\" src=\"https:\/\/demo.sachtienganhtphcm.com\/wp-content\/uploads\/2025\/10\/Screenshot-2025-10-06-001520.png\" class=\"attachment-large size-large wp-image-269\" alt=\"\" srcset=\"https:\/\/demo.sachtienganhtphcm.com\/wp-content\/uploads\/2025\/10\/Screenshot-2025-10-06-001520.png 632w, https:\/\/demo.sachtienganhtphcm.com\/wp-content\/uploads\/2025\/10\/Screenshot-2025-10-06-001520-207x300.png 207w\" sizes=\"(max-width: 632px) 100vw, 632px\" \/>\t\t\t\t\t\t\t\t<\/a>\n\t\t\t\t\t\t\t\t\t\t\t\t\t\t\t<\/div>\n\t\t\t\t<div class=\"elementor-element elementor-element-00aade6 elementor-widget elementor-widget-theme-post-title elementor-page-title elementor-widget-heading\" data-id=\"00aade6\" data-element_type=\"widget\" data-widget_type=\"theme-post-title.default\">\n\t\t\t\t\t<h1 class=\"elementor-heading-title elementor-size-default\"><a href=\"https:\/\/demo.sachtienganhtphcm.com\/index.php\/2025\/10\/05\/tap-chi-pi-tap-3-so-1-2019\/\">T\u1ea1p ch\u00ed Pi T\u1eadp 3 S\u1ed1 1 &#8211; 2019<\/a><\/h1>\t\t\t\t<\/div>\n\t\t\t\t<div class=\"elementor-element elementor-element-ba03c15 elementor-widget elementor-widget-post-info\" data-id=\"ba03c15\" data-element_type=\"widget\" data-widget_type=\"post-info.default\">\n\t\t\t\t\t\t\t<ul class=\"elementor-inline-items elementor-icon-list-items elementor-post-info\">\n\t\t\t\t\t\t\t\t<li class=\"elementor-icon-list-item elementor-repeater-item-44e97a9 elementor-inline-item\" itemprop=\"datePublished\">\n\t\t\t\t\t\t<a href=\"https:\/\/demo.sachtienganhtphcm.com\/index.php\/2025\/10\/05\/\">\n\t\t\t\t\t\t\t\t\t\t\t<span class=\"elementor-icon-list-icon\">\n\t\t\t\t\t\t\t\t<svg aria-hidden=\"true\" class=\"e-font-icon-svg e-fas-calendar\" viewBox=\"0 0 448 512\" xmlns=\"http:\/\/www.w3.org\/2000\/svg\"><path d=\"M12 192h424c6.6 0 12 5.4 12 12v260c0 26.5-21.5 48-48 48H48c-26.5 0-48-21.5-48-48V204c0-6.6 5.4-12 12-12zm436-44v-36c0-26.5-21.5-48-48-48h-48V12c0-6.6-5.4-12-12-12h-40c-6.6 0-12 5.4-12 12v52H160V12c0-6.6-5.4-12-12-12h-40c-6.6 0-12 5.4-12 12v52H48C21.5 64 0 85.5 0 112v36c0 6.6 5.4 12 12 12h424c6.6 0 12-5.4 12-12z\"><\/path><\/svg>\t\t\t\t\t\t\t<\/span>\n\t\t\t\t\t\t\t\t\t<span class=\"elementor-icon-list-text elementor-post-info__item elementor-post-info__item--type-date\">\n\t\t\t\t\t\t\t\t\t\t<time>October 5, 2025<\/time>\t\t\t\t\t<\/span>\n\t\t\t\t\t\t\t\t\t<\/a>\n\t\t\t\t<\/li>\n\t\t\t\t<\/ul>\n\t\t\t\t\t\t<\/div>\n\t\t\t\t<div class=\"elementor-element elementor-element-e84822b elementor-align-center elementor-widget elementor-widget-button\" data-id=\"e84822b\" data-element_type=\"widget\" data-widget_type=\"button.default\">\n\t\t\t\t\t\t\t\t\t\t<a class=\"elementor-button elementor-button-link elementor-size-sm\" href=\"https:\/\/demo.sachtienganhtphcm.com\/index.php\/2025\/10\/05\/tap-chi-pi-tap-3-so-1-2019\/\">\n\t\t\t\t\t\t<span class=\"elementor-button-content-wrapper\">\n\t\t\t\t\t\t\t\t\t<span class=\"elementor-button-text\">\u0110\u1ecdc th\u00eam<\/span>\n\t\t\t\t\t<\/span>\n\t\t\t\t\t<\/a>\n\t\t\t\t\t\t\t\t<\/div>\n\t\t\t\t\t<\/div>\n\t\t\t\t<\/div>\n\t\t\t\t<\/div>\n\t\t\t\t<\/div>\n\t\t\n\t\t\t\t<div class=\"e-load-more-anchor\" data-page=\"1\" data-max-page=\"3\" data-next-page=\"https:\/\/demo.sachtienganhtphcm.com\/index.php\/wp-json\/wp\/v2\/pages\/460\/page\/2\/\"><\/div>\n\t\t\t\t<nav class=\"elementor-pagination\" aria-label=\"Pagination\">\n\t\t\t<span aria-current=\"page\" class=\"page-numbers current\"><span class=\"elementor-screen-only\">Page<\/span>1<\/span>\n<a class=\"page-numbers\" href=\"https:\/\/demo.sachtienganhtphcm.com\/index.php\/wp-json\/wp\/v2\/pages\/460\/page\/2\/\"><span class=\"elementor-screen-only\">Page<\/span>2<\/a>\n<a class=\"page-numbers\" href=\"https:\/\/demo.sachtienganhtphcm.com\/index.php\/wp-json\/wp\/v2\/pages\/460\/page\/3\/\"><span class=\"elementor-screen-only\">Page<\/span>3<\/a>\t\t<\/nav>\n\t\t\t\t\t\t<\/div>\n\t\t\t\t<\/div>\n\t\t\t\t\t<\/div>\n\t\t\t\t<\/div>\n\t\t\t\t<\/div>\n\t\t","protected":false},"excerpt":{"rendered":"<p>T\u1ea1p ch\u00ed Pi T\u1ea1p ch\u00ed Pi \u2013 nu\u00f4i d\u01b0\u1ee1ng tr\u00ed t\u00f2 m\u00f2, kh\u01a1i g\u1ee3i ni\u1ec1m vui h\u1ecdc h\u1ecfi<\/p>\n","protected":false},"author":1,"featured_media":0,"parent":17,"menu_order":0,"comment_status":"closed","ping_status":"closed","template":"","meta":{"_acf_changed":false,"footnotes":""},"class_list":["post-460","page","type-page","status-publish","hentry"],"acf":[],"_links":{"self":[{"href":"https:\/\/demo.sachtienganhtphcm.com\/index.php\/wp-json\/wp\/v2\/pages\/460","targetHints":{"allow":["GET"]}}],"collection":[{"href":"https:\/\/demo.sachtienganhtphcm.com\/index.php\/wp-json\/wp\/v2\/pages"}],"about":[{"href":"https:\/\/demo.sachtienganhtphcm.com\/index.php\/wp-json\/wp\/v2\/types\/page"}],"author":[{"embeddable":true,"href":"https:\/\/demo.sachtienganhtphcm.com\/index.php\/wp-json\/wp\/v2\/users\/1"}],"replies":[{"embeddable":true,"href":"https:\/\/demo.sachtienganhtphcm.com\/index.php\/wp-json\/wp\/v2\/comments?post=460"}],"version-history":[{"count":74,"href":"https:\/\/demo.sachtienganhtphcm.com\/index.php\/wp-json\/wp\/v2\/pages\/460\/revisions"}],"predecessor-version":[{"id":669,"href":"https:\/\/demo.sachtienganhtphcm.com\/index.php\/wp-json\/wp\/v2\/pages\/460\/revisions\/669"}],"up":[{"embeddable":true,"href":"https:\/\/demo.sachtienganhtphcm.com\/index.php\/wp-json\/wp\/v2\/pages\/17"}],"wp:attachment":[{"href":"https:\/\/demo.sachtienganhtphcm.com\/index.php\/wp-json\/wp\/v2\/media?parent=460"}],"curies":[{"name":"wp","href":"https:\/\/api.w.org\/{rel}","templated":true}]}}