{"id":354,"date":"2025-10-06T09:40:44","date_gmt":"2025-10-06T09:40:44","guid":{"rendered":"https:\/\/demo.sachtienganhtphcm.com\/?page_id=354"},"modified":"2025-10-14T14:47:03","modified_gmt":"2025-10-14T14:47:03","slug":"gioi-thieu","status":"publish","type":"page","link":"https:\/\/demo.sachtienganhtphcm.com\/index.php\/gioi-thieu\/","title":{"rendered":"GI\u1edaI THI\u1ec6U"},"content":{"rendered":"\t\t<div data-elementor-type=\"wp-page\" data-elementor-id=\"354\" class=\"elementor elementor-354\" data-elementor-post-type=\"page\">\n\t\t\t\t<div class=\"elementor-element elementor-element-cce3c0f e-flex e-con-boxed e-con e-parent\" data-id=\"cce3c0f\" data-element_type=\"container\">\n\t\t\t\t\t<div class=\"e-con-inner\">\n\t\t\t\t<div class=\"elementor-element elementor-element-b3b3167 elementor-widget elementor-widget-text-editor\" data-id=\"b3b3167\" data-element_type=\"widget\" data-widget_type=\"text-editor.default\">\n\t\t\t\t\t\t\t\t\t<p>T\u1ea1p ch\u00ed\u00a0<em>Pi<\/em>\u00a0l\u00e0 m\u1ed9t \u1ea5n ph\u1ea9m c\u1ee7a H\u1ed9i To\u00e1n h\u1ecdc Vi\u1ec7t Nam, v\u1edbi m\u1ee5c \u0111\u00edch truy\u1ec1n b\u00e1 To\u00e1n h\u1ecdc t\u1edbi c\u1ed9ng \u0111\u1ed3ng.\u00a0<em>Pi<\/em>\u00a0\u0111\u01b0\u1ee3c xu\u1ea5t b\u1ea3n h\u00e0ng th\u00e1ng, g\u1ed3m 68 trang, kh\u1ed5 19 x 27cm v\u00e0 \u0111\u01b0\u1ee3c in m\u00e0u to\u00e0n b\u1ed9 (k\u1ec3 t\u1eeb th\u00e1ng 1\/2020).T\u1ea1p ch\u00ed mang v\u1ebb \u0111\u1eb9p to\u00e1n h\u1ecdc, ki\u1ebfn th\u1ee9c to\u00e1n h\u1ecdc t\u1edbi m\u1ecdi ng\u01b0\u1eddi qua c\u00e1c chuy\u00ean m\u1ee5c \u0111a d\u1ea1ng v\u1edbi c\u00e1c n\u1ed9i dung phong ph\u00fa, th\u00e2n thi\u1ec7n v\u00e0 nhi\u1ec1u m\u00e0u s\u1eafc.\u00a0\u00a0<\/p><p>Ch\u00fang t\u00f4i hy v\u1ecdng r\u1eb1ng m\u1ed7i \u0111\u1ed9c gi\u1ea3, t\u1eeb tr\u1ebb em t\u1edbi ng\u01b0\u1eddi l\u1edbn tu\u1ed5i, v\u1edbi c\u00e1c ki\u1ebfn th\u1ee9c v\u1ec1To\u00e1n h\u1ecdc kh\u00e1c nhau, \u0111\u1ec1u t\u00ecm \u0111\u01b0\u1ee3c nh\u1eefng \u0111i\u1ec1u l\u00fd th\u00fa v\u1ec1 To\u00e1n h\u1ecdc, nh\u1eefng \u00edch l\u1ee3i c\u1ee7a n\u00f3, qua c\u00e1c trang ph\u00f9 h\u1ee3p trong\u00a0<em>Pi<\/em>.\u00a0<\/p><p>T\u1ea1p ch\u00ed bao g\u1ed3m c\u00e1c chuy\u00ean m\u1ee5c nh\u01b0 sau, m\u1ed7i chuy\u00ean m\u1ee5c h\u01b0\u1edbng t\u1edbi c\u00e1c nh\u00f3m \u0111\u1ed9c gi\u1ea3kh\u00e1c nhau:<\/p><p><strong>\u0110\u1ed8C GI\u1ea2 \u0110\u1ea0I CH\u00daNG<\/strong><\/p><p>+\u00a0<strong>To\u00e1n h\u1ecdc v\u00e0 cu\u1ed9c s\u1ed1ng<\/strong>: Di\u1ec5n gi\u1ea3i c\u00e1c kh\u00e1i ni\u1ec7m, c\u00e1c \u0111\u1ecbnh l\u00fd c\u1ee7a To\u00e1n h\u1ecdc th\u00f4ng qua c\u00e1c hi\u1ec7n t\u01b0\u1ee3ng thi\u00ean nhi\u00ean v\u00e0 x\u00e3 h\u1ed9i m\u00e0 ch\u00fang ta quan s\u00e1t ho\u1eb7c c\u1ea3m nh\u1eadn \u0111\u01b0\u1ee3c. Gi\u1edbi thi\u1ec7u nh\u1eefng th\u00e0nh c\u00f4ng c\u1ee7a to\u00e1n h\u1ecdc \u1ee9ng d\u1ee5ng v\u00e0o \u0111\u1eddi s\u1ed1ng. Gi\u00fap b\u1ea1n c\u1ea3m nh\u1eadn v\u1ebb \u0111\u1eb9p c\u1ee7a to\u00e1n th\u00f4ng qua s\u1ef1 t\u01b0\u1edfng t\u01b0\u1ee3ng trong kh\u00f4ng gian, vi\u1ec7c tr\u1ea3i nghi\u1ec7m v\u1edbi th\u1eddi gian, t\u00ednh t\u1ed5ng qu\u00e1t v\u00e0 s\u1ef1 t\u1ed1i gi\u1ea3n trong ph\u00e1t bi\u1ec3u c\u00e1c kh\u00e1i ni\u1ec7m v\u00e0 c\u00e1c \u0111\u1ecbnh l\u00fd, s\u1ef1 ch\u1eb7t ch\u1ebd v\u00e0 t\u00ednh b\u1ea5t ng\u1edd trong c\u00e1c ch\u1ee9ng minh\u2026<\/p><p>+\u00a0<strong>Qu\u00e1n To\u00e1n<\/strong>: C\u00e1c c\u00e2u chuy\u1ec7n vui v\u1ec1 To\u00e1n h\u1ecdc, h\u1ecdc To\u00e1n, nghi\u00ean c\u1ee9u To\u00e1n v\u00e0 v\u1ec1 c\u00e1c nh\u00e0 to\u00e1n h\u1ecdc, bao g\u1ed3m c\u1ea3 L\u1ecbch s\u1eed To\u00e1n h\u1ecdc (ph\u00e2n t\u00edch xu\u1ea5t x\u1ee9 c\u00e1c kh\u00e1i ni\u1ec7m, \u0111\u1ecbnh l\u00fd To\u00e1n h\u1ecdc, s\u1ef1 ph\u00e1t sinh v\u00e0 ph\u00e1t tri\u1ec3n c\u1ee7a c\u00e1c \u00fd t\u01b0\u1edfng, c\u00e1c xu h\u01b0\u1edbng trong To\u00e1n h\u1ecdc\u2026), \u0111\u1ed1 vui to\u00e1n h\u1ecdc, \u201csai \u0111\u00e2u s\u1eeda \u0111\u1ea5y\u201d hay \u201csai l\u1ea7m \u1edf \u0111\u00e2u\u201d (t\u00ecm c\u00e1i sai trong l\u1eadp lu\u1eadn),\u2026\u00a0<\/p><p>Qu\u00e1n To\u00e1n mong nh\u1eadn \u0111\u01b0\u1ee3c nhi\u1ec1u b\u00e0i vi\u1ebft t\u1eeb b\u1ea1n \u0111\u1ecdc: Qu\u00e1n To\u00e1n l\u00e0 c\u1ee7a c\u00e1c b\u1ea1n, c\u0169ng nh\u01b0 c\u1ea3 t\u1edd b\u00e1o Pi.<\/p><p>+\u00a0<strong>L\u1ecbch s\u1eed To\u00e1n h\u1ecdc:\u00a0<\/strong>B\u00e0i vi\u1ebft trong chuy\u00ean m\u1ee5c n\u00e0y ph\u00e2n t\u00edch xu\u1ea5t x\u1ee9 c\u00e1c kh\u00e1i ni\u1ec7m, \u0111\u1ecbnh l\u00fd To\u00e1n h\u1ecdc, s\u1ef1 ph\u00e1t sinh v\u00e0 ph\u00e1t tri\u1ec3n c\u1ee7a c\u00e1c \u00fd t\u01b0\u1edfng, c\u00e1c xu h\u01b0\u1edbng trong To\u00e1n h\u1ecdc t\u1eeb x\u01b0a t\u1edbi nay. Chuy\u00ean m\u1ee5c n\u00e0y c\u0169nggi\u1edbi thi\u1ec7u nh\u1eefng c\u00e2u chuy\u1ec7n sinh \u0111\u1ed9ng v\u1ec1 nh\u1eefng nh\u00e0 To\u00e1n h\u1ecdc n\u1ed5i ti\u1ebfng.<\/p><p>+\u00a0<strong>T\u00ecm hi\u1ec3u khoa h\u1ecdc:\u00a0<\/strong>C\u00e1c b\u00e0i vi\u1ebft gi\u1edbi thi\u1ec7u v\u1ec1 m\u1ecdi m\u1eb7t c\u1ee7a khoa h\u1ecdc ng\u00e0y nay, t\u1eeb V\u1eadt l\u00fd, H\u00f3a h\u1ecdc t\u1edbi Sinh h\u1ecdc, \u0110\u1ecba l\u00fd, \u0110\u1ecba ch\u1ea5t, Thi\u00ean v\u0103n h\u1ecdc v\u00e0 c\u1ea3 Y h\u1ecdc hay Kinh t\u1ebf, T\u00e0i ch\u00ednh. C\u00e1c b\u00e0i vi\u1ebft ngo\u00e0i vi\u1ec7c gi\u1edbi thi\u1ec7u nh\u1eefng t\u00ecm t\u00f2i m\u1edbi nh\u1ea5t trong c\u00e1c ng\u00e0nh khoa h\u1ecdc n\u00f3i tr\u00ean, c\u00f2n gi\u1edbi thi\u1ec7u vai tr\u00f2 c\u1ee7a To\u00e1n h\u1ecdc trong \u0111\u00f3. To\u00e1n h\u1ecdc l\u00e0 \u00f4ng ho\u00e0ng v\u00e0 ng\u01b0\u1eddi \u0111\u1ea7y t\u1edb c\u1ee7a Khoa h\u1ecdc, Gauss \u0111\u00e3 n\u00f3i th\u1ebf.<\/p><p><strong>+\u00a0G\u00f3c c\u1edd<\/strong>:\u00a0C\u1edd Vua v\u00e0 C\u1edd T\u01b0\u1edbng l\u00e0 hai m\u00f4n th\u1ec3 thao tr\u00ed tu\u1ec7 n\u1ed5i ti\u1ebfng nh\u1ea5t. Trong khi C\u1edd Vua ph\u1ea3n \u00e1nh c\u00e1ch suy ngh\u0129 c\u1ee7a th\u1ebf gi\u1edbi ph\u01b0\u01a1ng T\u00e2y th\u00ec C\u1edd T\u01b0\u1edbng l\u1ea1i ph\u1ea3n \u00e1nh t\u01b0 duy ph\u01b0\u01a1ng \u0110\u00f4ng. G\u00f3c c\u1edd gi\u1edbi thi\u1ec7u v\u00e0 chia s\u1ebb v\u1edbi c\u00e1c b\u1ea1n c\u00e1ch \u0111\u00e1nh c\u1edd, nh\u1eefng v\u00e1n c\u1edd hay v\u00e0 qua \u0111\u00f3 l\u00e0 c\u1ea3 nh\u1eefng t\u01b0 duy v\u1ec1 chi\u1ebfn thu\u1eadt v\u00e0 chi\u1ebfn l\u01b0\u1ee3c.<\/p><p>+\u00a0<strong>Gi\u1edbi thi\u1ec7u s\u00e1ch<\/strong>: Gi\u1edbi thi\u1ec7u s\u00e1ch to\u00e1n v\u00e0 khoa h\u1ecdc xu\u1ea5t b\u1ea3n b\u1eb1ng ti\u1ebfng Vi\u1ec7t v\u00e0 ti\u1ebfng n\u01b0\u1edbc ngo\u00e0i. Nh\u1eefng cu\u1ed1n s\u00e1ch \u0111\u01b0\u1ee3c gi\u1edbi thi\u1ec7u s\u1ebd b\u1ed5 sung nhi\u1ec1u tri th\u1ee9c v\u1ec1 to\u00e1n h\u1ecdc c\u0169ng nh\u01b0 khoa h\u1ecdc cho nh\u1eefng \u0111\u1ed9c gi\u1ea3 y\u00eau s\u00e1ch.<\/p><p><strong>+ \u0110\u1eddi s\u1ed1ng To\u00e1n h\u1ecdc:<\/strong>\u00a0Nh\u1eefng tin t\u1ee9c quan tr\u1ecdng v\u1ec1 c\u00e1c ho\u1ea1t \u0111\u1ed9ng To\u00e1n h\u1ecdc m\u1edbi di\u1ec5n ra.<\/p><p><strong>\u0110\u1ed8C GI\u1ea2 H\u1eccC SINH<\/strong><strong>, SINH VI\u00caN, GI\u00c1O VI\u00caN<\/strong><\/p><p>+\u00a0<strong>To\u00e1n c\u1ee7a Bi<\/strong>: Chuy\u00ean m\u1ee5c d\u00e0nh cho c\u00e1c em nh\u1ecf v\u00e0 c\u1ea3 nh\u1eefng ng\u01b0\u1eddi \u1edf m\u1ecdi l\u1ee9a tu\u1ed5i nh\u01b0ng v\u1eabn mang t\u00e2m h\u1ed3n tr\u1ebb th\u01a1.\u00a0N\u1ed9i dung g\u1ed3m nh\u1eefng b\u00e0i to\u00e1n th\u01b0\u1eddng th\u1ee9c, c\u00e1c tr\u00f2 ch\u01a1i to\u00e1n h\u1ecdc. Ng\u01b0\u1eddi \u0111\u1ecdc d\u1ec5 d\u00e0ng c\u1ea3m nh\u1eadn v\u00e0 \u0111\u01b0\u1ee3c thu h\u00fat v\u00ec nh\u1eefng ki\u1ebfn th\u1ee9c \u0111\u1ec3 gi\u1ea3i to\u00e1n r\u1ea5t ph\u1ed5 th\u00f4ng, g\u1ea7n g\u0169i v\u1edbi \u0111\u1eddi s\u1ed1ng.\u00a0Khi c\u00e1c b\u1ea1n tr\u1ebb \u201cch\u1ea1m v\u00e0o to\u00e1n\u201d l\u00e0 khi c\u00e1c b\u1ea1n t\u00ecm th\u1ea5y s\u1ef1 t\u1ef1 tin c\u1ee7a ch\u00ednh m\u00ecnh. Chuy\u00ean m\u1ee5c c\u0169ng ph\u00f9 h\u1ee3p v\u1edbi c\u00e1c gi\u00e1o vi\u00ean ti\u1ec3u h\u1ecdc hay c\u00e1c b\u1eadc cha m\u1eb9 h\u1ecdc sinh mu\u1ed1n \u0111\u1ed3ng h\u00e0nh c\u00f9ng con qua c\u00e1c th\u1eed th\u00e1ch nho nh\u1ecf!<\/p><p>+\u00a0<strong>H\u1ecdc<\/strong><strong>\u00a0c\u00f9ng\u00a0<\/strong><strong>Pi<\/strong>: Chuy\u00ean m\u1ee5c gi\u00fap c\u00e1c b\u1ea1n h\u1ecdc sinh h\u1ecdc to\u00e1n t\u1ed1t h\u01a1n th\u00f4ng qua vi\u1ec7c hi\u1ec3u s\u00e2u s\u1eafc h\u01a1n c\u00e1c n\u1ed9i dung to\u00e1n h\u1ecdc trong nh\u00e0 tr\u01b0\u1eddng ph\u1ed5 th\u00f4ng c\u0169ng nh\u01b0 h\u1ecdc \u0111\u01b0\u1ee3c c\u00e1ch suy ngh\u0129, l\u1eadp lu\u1eadn l\u1eddi gi\u1ea3i c\u1ee7a m\u1ed7i b\u00e0i to\u00e1n. Tr\u01b0\u1edbc m\u1ed7i b\u00e0i to\u00e1n, t\u00ecm c\u00e1c h\u01b0\u1edbng ti\u1ebfp c\u1eadn tr\u00ean c\u01a1 s\u1edf ph\u00e2n t\u00edch k\u1ef9 \u0111\u1ec1 ra, ph\u00e2n t\u00edch s\u1ef1 k\u1ebft n\u1ed1i gi\u1eefa c\u00e1c b\u00e0i to\u00e1n, c\u00e1c \u00fd t\u01b0\u1edfng gi\u1ea3i to\u00e1n, so s\u00e1nh c\u00e1c l\u1eddi gi\u1ea3i kh\u00e1c nhau c\u1ee7a c\u00f9ng m\u1ed9t b\u00e0i to\u00e1n \u0111\u1ec3 l\u00e0m n\u1ed5i l\u00ean c\u00e1i c\u1ed1t l\u00f5i c\u1ee7a n\u00f3. C\u00e1c th\u1ea7y c\u00f4 gi\u00e1o c\u0169ng nh\u01b0 c\u00e1c b\u1ea1n h\u1ecdc sinh\/sinh vi\u00eanchia s\u1ebb kinh nghi\u1ec7m chuy\u00ean m\u00f4n v\u1ec1 h\u00ecnh th\u1ee9c chuy\u1ec3n t\u1ea3i m\u1ed9t kh\u00e1i ni\u1ec7m, m\u1ed9t \u0111\u1ecbnh l\u00fd kh\u00f3.<\/p><p>+<strong>\u00a0Th\u00e1ch th\u1ee9c To\u00e1n h\u1ecdc<\/strong>: Bao g\u1ed3m \u0111\u1ec1 b\u00e0i m\u1ed7i k\u1ef3 cho c\u00e1c c\u1ea5p h\u1ecdc; l\u1eddi gi\u1ea3i cho nh\u1eefng \u0111\u1ec1 \u1edf s\u1ed1 tr\u01b0\u1edbc do \u0111\u1ed9c gi\u1ea3 g\u1eedi, c\u00f9ng v\u1edbi l\u1eddi b\u00ecnh lu\u1eadn c\u1ee7a bi\u00ean t\u1eadp. \u0110\u1ec1 b\u00e0i \u0111\u01b0\u1ee3c ch\u1ecdn l\u1ecdc d\u1ef1a tr\u00ean c\u00e1c ti\u00eau ch\u00ed v\u1ec1 v\u1ebb \u0111\u1eb9p to\u00e1n h\u1ecdc, \u00fd ngh\u0129a \u0111\u1ed1i v\u1edbi vi\u1ec7c hi\u1ec3u s\u00e2u s\u1eafc h\u01a1n v\u1ec1 m\u00f4n To\u00e1n, \u0111\u1ec1 cao t\u01b0 duy s\u00e1ng t\u1ea1o. \u0110\u1ec1 b\u00e0i \u0111\u01b0\u1ee3c ph\u00e2n lo\u1ea1i theo \u0111\u1ed9 kh\u00f3 v\u00e0 d\u00e0nh cho h\u1ecdc sinh t\u1eeb cu\u1ed1i c\u1ea5p THSC t\u1edbi THPT v\u00e0 c\u1ea3 sinh vi\u00ean.<\/p><p>+\u00a0<strong>C\u00e1c k\u1ef3 thi To\u00e1n<\/strong>: Gi\u1edbi thi\u1ec7u c\u00e1c k\u1ef3 thi To\u00e1n trong n\u01b0\u1edbc v\u00e0 tr\u00ean th\u1ebf gi\u1edbi: h\u00ecnh th\u1ee9c thi, th\u1ec3 l\u1ec7, c\u00e1c \u0111\u1ec1 thi v\u00e0 l\u1eddi gi\u1ea3i, c\u00f9ng c\u00e1c b\u00ecnh lu\u1eadn ph\u00e2n t\u00edch \u0111\u1ec3 b\u1ea1n \u0111\u1ecdc c\u00f3 th\u1ec3 v\u1eadn d\u1ee5ng v\u00e0o vi\u1ec7c t\u1ed5 ch\u1ee9c c\u00e1c k\u1ef3 thi c\u0169ng nh\u01b0 vi\u1ec7c t\u1ed5 ch\u1ee9c c\u00e1c \u0111\u1ec1 thi h\u1ecdc sinh gi\u1ecfi c\u00e1c c\u1ea5p.<\/p><p>+\u00a0<strong>Di\u1ec5n \u0111\u00e0n d\u1ea1y v\u00e0 h\u1ecdc To\u00e1n<\/strong>: N\u01a1i chia s\u1ebb kinh nghi\u1ec7m v\u1ec1 d\u1ea1y v\u00e0 h\u1ecdc to\u00e1n. C\u00e1c b\u00e0i vi\u1ebft gi\u00fap h\u1ecdc sinh v\u00e0 c\u1ea3 gi\u00e1o vi\u00ean n\u00e2ng cao hi\u1ec3u bi\u1ebft v\u1ec1 To\u00e1n h\u1ecdc.<\/p><p>+\u00a0<strong>Th\u01b0 b\u1ea1n \u0111\u1ecdc\/Th\u01b0 t\u00f2a so\u1ea1n \u00a0<\/strong>D\u00e0nh\u00a0\u0111\u0103ng th\u01b0 b\u1ea1n \u0111\u1ecdc, v\u00e0 ph\u1ea3n h\u1ed3i c\u1ee7a Pi. B\u1ea1n \u0111\u1ecdc c\u00f3 th\u1ec3 trao \u0111\u1ed5i v\u1edbi Pi v\u1ec1 To\u00e1n h\u1ecdc v\u00e0 h\u1ecdc To\u00e1n, d\u1ea1y To\u00e1n; c\u0169ng c\u00f3 th\u1ec3 \u0111\u1ec1 ngh\u1ecb Pi gi\u1ea3i th\u00edch v\u1ec1 n\u1ed9i dung n\u00e0o \u0111\u00f3 li\u00ean quan \u0111\u1ebfn To\u00e1n h\u1ecdc, ho\u1eb7c m\u1ed9t b\u00e0i to\u00e1n c\u1ee5 th\u1ec3 n\u00e0o \u0111\u00f3 c\u00f3 nhi\u1ec1u c\u00e1ch gi\u1ea3i m\u00e0 b\u1ea1n \u0111ang ph\u00e2n v\u00e2n c\u00e1ch n\u00e0o \u0111\u00fang, c\u00e1ch n\u00e0o sai&#8230; Tuy nhi\u00ean Pi s\u1ebd kh\u00f4ng gi\u00fap b\u1ea1n gi\u1ea3i c\u00e1c b\u00e0i to\u00e1n c\u1ee5 th\u1ec3 \u0111\u01b0\u1ee3c.<\/p><p><strong>\u0110\u1ed8C GI\u1ea2 SINH VI\u00caN, GI\u00c1O VI\u00caN<\/strong><\/p><p>+\u00a0<strong>To\u00e1n h\u1ecdc t\u1eeb c\u1ed5 \u0111i\u1ec3n \u0111\u1ebfn hi\u1ec7n \u0111\u1ea1i<\/strong>: Gi\u1edbi thi\u1ec7u ph\u01b0\u01a1ng ph\u00e1p t\u01b0 duy c\u1ee7a to\u00e1n h\u1ecdc hi\u1ec7n \u0111\u1ea1i th\u00f4ng qua nh\u1eefng kh\u00e1i ni\u1ec7m, nh\u1eefng k\u1ebft qu\u1ea3quan tr\u1ecdng, c\u0169ng nh\u01b0 th\u00f4ng qua s\u1ef1 li\u00ean h\u1ec7 gi\u1eefa nh\u1eefng b\u00e0i to\u00e1n \u1edf b\u1eadc ph\u1ed5 th\u00f4ng v\u1edbi to\u00e1n cao c\u1ea5p. Chuy\u00ean m\u1ee5c n\u00e0y h\u01b0\u1edbng t\u1edbi c\u00e1c sinh vi\u00ean to\u00e1n, c\u00e1c th\u1ea7y c\u00f4 d\u1ea1y to\u00e1n v\u00e0 c\u00e1c h\u1ecdc sinh \u0111am m\u00ea To\u00e1n h\u1ecdc.<\/p><p>+\u00a0<strong>\u0110\u01b0\u1eddng v\u00e0o To\u00e1n h\u1ecdc<\/strong>:\u00a0Chuy\u00ean m\u1ee5c n\u00e0y gi\u00fap \u00a0c\u00e1c b\u1ea1n h\u1ecdc sinh, sinh vi\u00ean b\u01b0\u1edbc \u0111\u1ea7u t\u00ecm hi\u1ec3u, c\u1ea3m nh\u1eadn con \u0111\u01b0\u1eddng \u0111i v\u00e0o To\u00e1n h\u1ecdc th\u00f4ng qua nh\u1eefng c\u00e2u chuy\u1ec7n to\u00e1n h\u1ecdc c\u1ee7a nh\u1eefng ng\u01b0\u1eddi \u0111i tr\u01b0\u1edbc, hay nh\u1eefng \u0111\u1ec1 t\u00e0i nghi\u00ean c\u1ee9u nho nh\u1ecf, t\u1ef1a nh\u01b0 b\u01b0\u1edbc v\u00e0o con \u0111\u01b0\u1eddng nh\u1ecf \u0111\u1ec3 \u0111\u1ebfn v\u1edbi To\u00e1n h\u1ecdc. L\u00e0 nh\u1eefng \u0111\u1ec1 t\u00e0i nghi\u00ean c\u1ee9u, t\u1ee9c l\u00e0 t\u00ecm ra c\u00e1i m\u1edbi, ch\u1ee9 kh\u00f4ng ph\u1ea3i l\u00e0 gi\u1ea3i nh\u1eefng b\u00e0i t\u1eadp c\u00f3 s\u1eb5n. Hy v\u1ecdng r\u1eb1ng, qua nh\u1eefng \u0111\u1ec1 t\u00e0i nghi\u00ean c\u1ee9u \u1ea5y, c\u00e1c b\u1ea1n s\u1ebd ph\u1ea7n n\u00e0o c\u1ea3m nh\u1eadn \u0111\u01b0\u1ee3c c\u00e1i gian nan, v\u1ea5t v\u1ea3, c\u0169ng nh\u01b0 h\u1ea1nh ph\u00fac c\u1ee7a s\u1ef1 s\u00e1ng t\u1ea1o. V\u00e0 bi\u1ebft \u0111\u00e2u, m\u1ed9t \u0111\u1ec1 t\u00e0i nho nh\u1ecf c\u00f3 th\u1ec3 d\u1eabn b\u1ea1n \u0111\u1ebfn th\u00e0nh c\u00f4ng l\u1edbn, nh\u01b0 su\u1ed1i nh\u1ecf \u0111\u1ebfn v\u1edbi d\u00f2ng s\u00f4ng, r\u1ed3i d\u00f2ng s\u00f4ng g\u1eb7p bi\u1ec3n l\u1edbn t\u1ef1 l\u00fac n\u00e0o kh\u00f4ng bi\u1ebft.<\/p><p>+\u00a0<strong>\u0110\u1ed1i tho\u1ea1i To\u00e1n h\u1ecdc<\/strong>: Bao g\u1ed3m nh\u1eefng b\u00e0i ph\u00f3ng s\u1ef1, nh\u1eefng b\u00e0i ph\u1ecfng v\u1ea5n v\u1ec1 nh\u1eefng con ng\u01b0\u1eddi c\u1ee5 th\u1ec3, nh\u1eefng t\u1ea5m g\u01b0\u01a1ng trong vi\u1ec7c h\u1ecdc, d\u1ea1y, nghi\u00ean c\u1ee9u v\u00e0 truy\u1ec1n b\u00e1 to\u00e1n h\u1ecdc.<\/p>\t\t\t\t\t\t\t\t<\/div>\n\t\t\t\t\t<\/div>\n\t\t\t\t<\/div>\n\t\t\t\t<\/div>\n\t\t","protected":false},"excerpt":{"rendered":"<p>T\u1ea1p ch\u00ed\u00a0Pi\u00a0l\u00e0 m\u1ed9t \u1ea5n ph\u1ea9m c\u1ee7a H\u1ed9i To\u00e1n h\u1ecdc Vi\u1ec7t Nam, v\u1edbi m\u1ee5c \u0111\u00edch truy\u1ec1n b\u00e1 To\u00e1n h\u1ecdc t\u1edbi c\u1ed9ng \u0111\u1ed3ng.\u00a0Pi\u00a0\u0111\u01b0\u1ee3c xu\u1ea5t b\u1ea3n h\u00e0ng th\u00e1ng, g\u1ed3m 68 trang, kh\u1ed5 19 x 27cm v\u00e0 \u0111\u01b0\u1ee3c in m\u00e0u to\u00e0n b\u1ed9 (k\u1ec3 t\u1eeb th\u00e1ng 1\/2020).T\u1ea1p ch\u00ed mang v\u1ebb \u0111\u1eb9p to\u00e1n h\u1ecdc, ki\u1ebfn th\u1ee9c to\u00e1n h\u1ecdc t\u1edbi m\u1ecdi ng\u01b0\u1eddi [&hellip;]<\/p>\n","protected":false},"author":1,"featured_media":0,"parent":0,"menu_order":0,"comment_status":"closed","ping_status":"closed","template":"","meta":{"_acf_changed":false,"footnotes":""},"class_list":["post-354","page","type-page","status-publish","hentry"],"acf":[],"_links":{"self":[{"href":"https:\/\/demo.sachtienganhtphcm.com\/index.php\/wp-json\/wp\/v2\/pages\/354","targetHints":{"allow":["GET"]}}],"collection":[{"href":"https:\/\/demo.sachtienganhtphcm.com\/index.php\/wp-json\/wp\/v2\/pages"}],"about":[{"href":"https:\/\/demo.sachtienganhtphcm.com\/index.php\/wp-json\/wp\/v2\/types\/page"}],"author":[{"embeddable":true,"href":"https:\/\/demo.sachtienganhtphcm.com\/index.php\/wp-json\/wp\/v2\/users\/1"}],"replies":[{"embeddable":true,"href":"https:\/\/demo.sachtienganhtphcm.com\/index.php\/wp-json\/wp\/v2\/comments?post=354"}],"version-history":[{"count":4,"href":"https:\/\/demo.sachtienganhtphcm.com\/index.php\/wp-json\/wp\/v2\/pages\/354\/revisions"}],"predecessor-version":[{"id":887,"href":"https:\/\/demo.sachtienganhtphcm.com\/index.php\/wp-json\/wp\/v2\/pages\/354\/revisions\/887"}],"wp:attachment":[{"href":"https:\/\/demo.sachtienganhtphcm.com\/index.php\/wp-json\/wp\/v2\/media?parent=354"}],"curies":[{"name":"wp","href":"https:\/\/api.w.org\/{rel}","templated":true}]}}