{"id":352,"date":"2025-10-06T09:40:15","date_gmt":"2025-10-06T09:40:15","guid":{"rendered":"https:\/\/demo.sachtienganhtphcm.com\/?page_id=352"},"modified":"2025-10-14T14:33:41","modified_gmt":"2025-10-14T14:33:41","slug":"ban-bien-tap","status":"publish","type":"page","link":"https:\/\/demo.sachtienganhtphcm.com\/index.php\/ban-bien-tap\/","title":{"rendered":"BAN BI\u00caN T\u1eacP"},"content":{"rendered":"\t\t<div data-elementor-type=\"wp-page\" data-elementor-id=\"352\" class=\"elementor elementor-352\" data-elementor-post-type=\"page\">\n\t\t\t\t<div class=\"elementor-element elementor-element-6381338 e-flex e-con-boxed e-con e-parent\" data-id=\"6381338\" data-element_type=\"container\">\n\t\t\t\t\t<div class=\"e-con-inner\">\n\t\t\t\t<div class=\"elementor-element elementor-element-e594e22 elementor-widget elementor-widget-heading\" data-id=\"e594e22\" data-element_type=\"widget\" data-widget_type=\"heading.default\">\n\t\t\t\t\t<h2 class=\"elementor-heading-title elementor-size-default\">BAN BI\u00caN T\u1eacP\n<\/h2>\t\t\t\t<\/div>\n\t\t\t\t\t<\/div>\n\t\t\t\t<\/div>\n\t\t<div class=\"elementor-element elementor-element-0596e23 e-flex e-con-boxed e-con e-parent\" data-id=\"0596e23\" data-element_type=\"container\">\n\t\t\t\t\t<div class=\"e-con-inner\">\n\t\t<div class=\"elementor-element elementor-element-ae7e713 e-con-full e-flex e-con e-child\" data-id=\"ae7e713\" data-element_type=\"container\">\n\t\t\t\t<\/div>\n\t\t<div class=\"elementor-element elementor-element-ead90ab e-con-full e-flex e-con e-child\" data-id=\"ead90ab\" data-element_type=\"container\">\n\t\t\t\t<div class=\"elementor-element elementor-element-93971bd elementor-widget elementor-widget-image\" data-id=\"93971bd\" data-element_type=\"widget\" data-widget_type=\"image.default\">\n\t\t\t\t\t\t\t\t\t\t\t\t\t\t\t<img decoding=\"async\" width=\"150\" height=\"150\" src=\"https:\/\/demo.sachtienganhtphcm.com\/wp-content\/uploads\/2025\/10\/avatar-fb-mac-dinh-39-150x150.jpg\" class=\"attachment-thumbnail size-thumbnail wp-image-878\" alt=\"\" srcset=\"https:\/\/demo.sachtienganhtphcm.com\/wp-content\/uploads\/2025\/10\/avatar-fb-mac-dinh-39-150x150.jpg 150w, https:\/\/demo.sachtienganhtphcm.com\/wp-content\/uploads\/2025\/10\/avatar-fb-mac-dinh-39-300x300.jpg 300w, https:\/\/demo.sachtienganhtphcm.com\/wp-content\/uploads\/2025\/10\/avatar-fb-mac-dinh-39-768x768.jpg 768w, https:\/\/demo.sachtienganhtphcm.com\/wp-content\/uploads\/2025\/10\/avatar-fb-mac-dinh-39.jpg 800w\" sizes=\"(max-width: 150px) 100vw, 150px\" \/>\t\t\t\t\t\t\t\t\t\t\t\t\t\t\t<\/div>\n\t\t\t\t<div class=\"elementor-element elementor-element-17de8f9 elementor-widget elementor-widget-heading\" data-id=\"17de8f9\" data-element_type=\"widget\" data-widget_type=\"heading.default\">\n\t\t\t\t\t<h2 class=\"elementor-heading-title elementor-size-default\">T\u1ed5ng Bi\u00ean T\u1eadp:<\/h2>\t\t\t\t<\/div>\n\t\t\t\t<div class=\"elementor-element elementor-element-469a5cf elementor-widget elementor-widget-heading\" data-id=\"469a5cf\" data-element_type=\"widget\" data-widget_type=\"heading.default\">\n\t\t\t\t\t<h2 class=\"elementor-heading-title elementor-size-default\"><span style=\"font-weight: normal\">H\u00e0 Huy Kho\u00e1i<\/span><\/h2>\t\t\t\t<\/div>\n\t\t\t\t<\/div>\n\t\t<div class=\"elementor-element elementor-element-3351300 e-con-full e-flex e-con e-child\" data-id=\"3351300\" data-element_type=\"container\">\n\t\t\t\t<\/div>\n\t\t\t\t\t<\/div>\n\t\t\t\t<\/div>\n\t\t<div class=\"elementor-element elementor-element-87541b9 e-flex e-con-boxed e-con e-parent\" data-id=\"87541b9\" data-element_type=\"container\">\n\t\t\t\t\t<div class=\"e-con-inner\">\n\t\t<div class=\"elementor-element elementor-element-2dd6803 e-con-full e-flex e-con e-child\" data-id=\"2dd6803\" data-element_type=\"container\">\n\t\t\t\t<div class=\"elementor-element elementor-element-c223c8b elementor-widget elementor-widget-image\" data-id=\"c223c8b\" data-element_type=\"widget\" data-widget_type=\"image.default\">\n\t\t\t\t\t\t\t\t\t\t\t\t\t\t\t<img decoding=\"async\" width=\"150\" height=\"150\" src=\"https:\/\/demo.sachtienganhtphcm.com\/wp-content\/uploads\/2025\/10\/avatar-fb-mac-dinh-39-150x150.jpg\" class=\"attachment-thumbnail size-thumbnail wp-image-878\" alt=\"\" srcset=\"https:\/\/demo.sachtienganhtphcm.com\/wp-content\/uploads\/2025\/10\/avatar-fb-mac-dinh-39-150x150.jpg 150w, https:\/\/demo.sachtienganhtphcm.com\/wp-content\/uploads\/2025\/10\/avatar-fb-mac-dinh-39-300x300.jpg 300w, https:\/\/demo.sachtienganhtphcm.com\/wp-content\/uploads\/2025\/10\/avatar-fb-mac-dinh-39-768x768.jpg 768w, https:\/\/demo.sachtienganhtphcm.com\/wp-content\/uploads\/2025\/10\/avatar-fb-mac-dinh-39.jpg 800w\" sizes=\"(max-width: 150px) 100vw, 150px\" \/>\t\t\t\t\t\t\t\t\t\t\t\t\t\t\t<\/div>\n\t\t\t\t<div class=\"elementor-element elementor-element-f8f7502 elementor-widget elementor-widget-heading\" data-id=\"f8f7502\" data-element_type=\"widget\" data-widget_type=\"heading.default\">\n\t\t\t\t\t<h2 class=\"elementor-heading-title elementor-size-default\">Ph\u00f3 T\u1ed5ng Bi\u00ean T\u1eadp:<\/h2>\t\t\t\t<\/div>\n\t\t\t\t<div class=\"elementor-element elementor-element-3225941 elementor-widget elementor-widget-heading\" data-id=\"3225941\" data-element_type=\"widget\" data-widget_type=\"heading.default\">\n\t\t\t\t\t<h2 class=\"elementor-heading-title elementor-size-default\"><span style=\"font-family: tahoma;font-size: large;font-weight: 400;text-align: start\">Ph\u00f9ng H\u1ed3 H\u1ea3i<\/span><\/h2>\t\t\t\t<\/div>\n\t\t\t\t<\/div>\n\t\t<div class=\"elementor-element elementor-element-a2d274c e-con-full e-flex e-con e-child\" data-id=\"a2d274c\" data-element_type=\"container\">\n\t\t\t\t<div class=\"elementor-element elementor-element-aed2eaf elementor-widget elementor-widget-image\" data-id=\"aed2eaf\" data-element_type=\"widget\" data-widget_type=\"image.default\">\n\t\t\t\t\t\t\t\t\t\t\t\t\t\t\t<img decoding=\"async\" width=\"150\" height=\"150\" src=\"https:\/\/demo.sachtienganhtphcm.com\/wp-content\/uploads\/2025\/10\/avatar-fb-mac-dinh-39-150x150.jpg\" class=\"attachment-thumbnail size-thumbnail wp-image-878\" alt=\"\" srcset=\"https:\/\/demo.sachtienganhtphcm.com\/wp-content\/uploads\/2025\/10\/avatar-fb-mac-dinh-39-150x150.jpg 150w, https:\/\/demo.sachtienganhtphcm.com\/wp-content\/uploads\/2025\/10\/avatar-fb-mac-dinh-39-300x300.jpg 300w, https:\/\/demo.sachtienganhtphcm.com\/wp-content\/uploads\/2025\/10\/avatar-fb-mac-dinh-39-768x768.jpg 768w, https:\/\/demo.sachtienganhtphcm.com\/wp-content\/uploads\/2025\/10\/avatar-fb-mac-dinh-39.jpg 800w\" sizes=\"(max-width: 150px) 100vw, 150px\" \/>\t\t\t\t\t\t\t\t\t\t\t\t\t\t\t<\/div>\n\t\t\t\t<div class=\"elementor-element elementor-element-1a9e962 elementor-widget elementor-widget-heading\" data-id=\"1a9e962\" data-element_type=\"widget\" data-widget_type=\"heading.default\">\n\t\t\t\t\t<h2 class=\"elementor-heading-title elementor-size-default\">Ph\u00f3 T\u1ed5ng Bi\u00ean T\u1eadp:<\/h2>\t\t\t\t<\/div>\n\t\t\t\t<div class=\"elementor-element elementor-element-f1cfa88 elementor-widget elementor-widget-heading\" data-id=\"f1cfa88\" data-element_type=\"widget\" data-widget_type=\"heading.default\">\n\t\t\t\t\t<h2 class=\"elementor-heading-title elementor-size-default\"><span style=\"font-family: tahoma;font-size: large;font-weight: 400;text-align: start\">Nguy\u1ec5n Chu Gia V\u01b0\u1ee3ng&nbsp;<\/span><\/h2>\t\t\t\t<\/div>\n\t\t\t\t<\/div>\n\t\t<div class=\"elementor-element elementor-element-febd0b1 e-con-full e-flex e-con e-child\" data-id=\"febd0b1\" data-element_type=\"container\">\n\t\t\t\t<div class=\"elementor-element elementor-element-e6f0e33 elementor-widget elementor-widget-image\" data-id=\"e6f0e33\" data-element_type=\"widget\" data-widget_type=\"image.default\">\n\t\t\t\t\t\t\t\t\t\t\t\t\t\t\t<img decoding=\"async\" width=\"150\" height=\"150\" src=\"https:\/\/demo.sachtienganhtphcm.com\/wp-content\/uploads\/2025\/10\/avatar-fb-mac-dinh-39-150x150.jpg\" class=\"attachment-thumbnail size-thumbnail wp-image-878\" alt=\"\" srcset=\"https:\/\/demo.sachtienganhtphcm.com\/wp-content\/uploads\/2025\/10\/avatar-fb-mac-dinh-39-150x150.jpg 150w, https:\/\/demo.sachtienganhtphcm.com\/wp-content\/uploads\/2025\/10\/avatar-fb-mac-dinh-39-300x300.jpg 300w, https:\/\/demo.sachtienganhtphcm.com\/wp-content\/uploads\/2025\/10\/avatar-fb-mac-dinh-39-768x768.jpg 768w, https:\/\/demo.sachtienganhtphcm.com\/wp-content\/uploads\/2025\/10\/avatar-fb-mac-dinh-39.jpg 800w\" sizes=\"(max-width: 150px) 100vw, 150px\" \/>\t\t\t\t\t\t\t\t\t\t\t\t\t\t\t<\/div>\n\t\t\t\t<div class=\"elementor-element elementor-element-1a8df80 elementor-widget elementor-widget-heading\" data-id=\"1a8df80\" data-element_type=\"widget\" data-widget_type=\"heading.default\">\n\t\t\t\t\t<h2 class=\"elementor-heading-title elementor-size-default\"><span style=\"font-family: tahoma;font-size: large;text-align: start\">Th\u01b0 k\u00fd T\u00f2a so\u1ea1n:<\/span><\/h2>\t\t\t\t<\/div>\n\t\t\t\t<div class=\"elementor-element elementor-element-8d4160e elementor-widget elementor-widget-heading\" data-id=\"8d4160e\" data-element_type=\"widget\" data-widget_type=\"heading.default\">\n\t\t\t\t\t<h2 class=\"elementor-heading-title elementor-size-default\"><span style=\"font-family: tahoma;font-size: large;font-weight: 400;text-align: start\">V\u0169 Th\u1ebf Kh\u00f4i&nbsp;<\/span><\/h2>\t\t\t\t<\/div>\n\t\t\t\t<\/div>\n\t\t\t\t\t<\/div>\n\t\t\t\t<\/div>\n\t\t<div class=\"elementor-element elementor-element-135abc4 e-flex e-con-boxed e-con e-parent\" data-id=\"135abc4\" data-element_type=\"container\">\n\t\t\t\t\t<div class=\"e-con-inner\">\n\t\t<div class=\"elementor-element elementor-element-0a5bec5 e-con-full e-flex e-con e-child\" data-id=\"0a5bec5\" data-element_type=\"container\">\n\t\t\t\t<div class=\"elementor-element elementor-element-820dad3 elementor-widget elementor-widget-image\" data-id=\"820dad3\" data-element_type=\"widget\" data-widget_type=\"image.default\">\n\t\t\t\t\t\t\t\t\t\t\t\t\t\t\t<img decoding=\"async\" width=\"150\" height=\"150\" src=\"https:\/\/demo.sachtienganhtphcm.com\/wp-content\/uploads\/2025\/10\/avatar-fb-mac-dinh-39-150x150.jpg\" class=\"attachment-thumbnail size-thumbnail wp-image-878\" alt=\"\" srcset=\"https:\/\/demo.sachtienganhtphcm.com\/wp-content\/uploads\/2025\/10\/avatar-fb-mac-dinh-39-150x150.jpg 150w, https:\/\/demo.sachtienganhtphcm.com\/wp-content\/uploads\/2025\/10\/avatar-fb-mac-dinh-39-300x300.jpg 300w, https:\/\/demo.sachtienganhtphcm.com\/wp-content\/uploads\/2025\/10\/avatar-fb-mac-dinh-39-768x768.jpg 768w, https:\/\/demo.sachtienganhtphcm.com\/wp-content\/uploads\/2025\/10\/avatar-fb-mac-dinh-39.jpg 800w\" sizes=\"(max-width: 150px) 100vw, 150px\" \/>\t\t\t\t\t\t\t\t\t\t\t\t\t\t\t<\/div>\n\t\t\t\t<div class=\"elementor-element elementor-element-0440611 elementor-widget elementor-widget-heading\" data-id=\"0440611\" data-element_type=\"widget\" data-widget_type=\"heading.default\">\n\t\t\t\t\t<h2 class=\"elementor-heading-title elementor-size-default\"><span style=\"font-family: tahoma;font-size: large;text-align: start\">\u1ee6y vi\u00ean:<\/span><\/h2>\t\t\t\t<\/div>\n\t\t\t\t<div class=\"elementor-element elementor-element-c044148 elementor-widget elementor-widget-heading\" data-id=\"c044148\" data-element_type=\"widget\" data-widget_type=\"heading.default\">\n\t\t\t\t\t<h2 class=\"elementor-heading-title elementor-size-default\"><span style=\"font-family: tahoma;font-size: large;font-weight: 400;text-align: start\">Ng\u00f4 B\u1ea3o Ch\u00e2u<\/span><\/h2>\t\t\t\t<\/div>\n\t\t\t\t<\/div>\n\t\t<div class=\"elementor-element elementor-element-6616834 e-con-full e-flex e-con e-child\" data-id=\"6616834\" data-element_type=\"container\">\n\t\t\t\t<div class=\"elementor-element elementor-element-47b8e5c elementor-widget elementor-widget-image\" data-id=\"47b8e5c\" data-element_type=\"widget\" data-widget_type=\"image.default\">\n\t\t\t\t\t\t\t\t\t\t\t\t\t\t\t<img decoding=\"async\" width=\"150\" height=\"150\" src=\"https:\/\/demo.sachtienganhtphcm.com\/wp-content\/uploads\/2025\/10\/avatar-fb-mac-dinh-39-150x150.jpg\" class=\"attachment-thumbnail size-thumbnail wp-image-878\" alt=\"\" srcset=\"https:\/\/demo.sachtienganhtphcm.com\/wp-content\/uploads\/2025\/10\/avatar-fb-mac-dinh-39-150x150.jpg 150w, https:\/\/demo.sachtienganhtphcm.com\/wp-content\/uploads\/2025\/10\/avatar-fb-mac-dinh-39-300x300.jpg 300w, https:\/\/demo.sachtienganhtphcm.com\/wp-content\/uploads\/2025\/10\/avatar-fb-mac-dinh-39-768x768.jpg 768w, https:\/\/demo.sachtienganhtphcm.com\/wp-content\/uploads\/2025\/10\/avatar-fb-mac-dinh-39.jpg 800w\" sizes=\"(max-width: 150px) 100vw, 150px\" \/>\t\t\t\t\t\t\t\t\t\t\t\t\t\t\t<\/div>\n\t\t\t\t<div class=\"elementor-element elementor-element-950d8f6 elementor-widget elementor-widget-heading\" data-id=\"950d8f6\" data-element_type=\"widget\" data-widget_type=\"heading.default\">\n\t\t\t\t\t<h2 class=\"elementor-heading-title elementor-size-default\"><span style=\"font-family: tahoma;font-size: large;text-align: start\">\u1ee6y vi\u00ean:<\/span><\/h2>\t\t\t\t<\/div>\n\t\t\t\t<div class=\"elementor-element elementor-element-6d1ddf7 elementor-widget elementor-widget-heading\" data-id=\"6d1ddf7\" data-element_type=\"widget\" data-widget_type=\"heading.default\">\n\t\t\t\t\t<h2 class=\"elementor-heading-title elementor-size-default\"><span style=\"font-family: tahoma;font-size: large;font-weight: 400;text-align: start\">Tr\u1ea7n Nam D\u0169ng<\/span><\/h2>\t\t\t\t<\/div>\n\t\t\t\t<\/div>\n\t\t<div class=\"elementor-element elementor-element-6490f33 e-con-full e-flex e-con e-child\" data-id=\"6490f33\" data-element_type=\"container\">\n\t\t\t\t<div class=\"elementor-element elementor-element-e46f161 elementor-widget elementor-widget-image\" data-id=\"e46f161\" data-element_type=\"widget\" data-widget_type=\"image.default\">\n\t\t\t\t\t\t\t\t\t\t\t\t\t\t\t<img decoding=\"async\" width=\"150\" height=\"150\" src=\"https:\/\/demo.sachtienganhtphcm.com\/wp-content\/uploads\/2025\/10\/avatar-fb-mac-dinh-39-150x150.jpg\" class=\"attachment-thumbnail size-thumbnail wp-image-878\" alt=\"\" srcset=\"https:\/\/demo.sachtienganhtphcm.com\/wp-content\/uploads\/2025\/10\/avatar-fb-mac-dinh-39-150x150.jpg 150w, https:\/\/demo.sachtienganhtphcm.com\/wp-content\/uploads\/2025\/10\/avatar-fb-mac-dinh-39-300x300.jpg 300w, https:\/\/demo.sachtienganhtphcm.com\/wp-content\/uploads\/2025\/10\/avatar-fb-mac-dinh-39-768x768.jpg 768w, https:\/\/demo.sachtienganhtphcm.com\/wp-content\/uploads\/2025\/10\/avatar-fb-mac-dinh-39.jpg 800w\" sizes=\"(max-width: 150px) 100vw, 150px\" \/>\t\t\t\t\t\t\t\t\t\t\t\t\t\t\t<\/div>\n\t\t\t\t<div class=\"elementor-element elementor-element-b392c50 elementor-widget elementor-widget-heading\" data-id=\"b392c50\" data-element_type=\"widget\" data-widget_type=\"heading.default\">\n\t\t\t\t\t<h2 class=\"elementor-heading-title elementor-size-default\"><span style=\"font-family: tahoma;font-size: large;text-align: start\">\u1ee6y vi\u00ean:<\/span><\/h2>\t\t\t\t<\/div>\n\t\t\t\t<div class=\"elementor-element elementor-element-b35e07c elementor-widget elementor-widget-heading\" data-id=\"b35e07c\" data-element_type=\"widget\" data-widget_type=\"heading.default\">\n\t\t\t\t\t<h2 class=\"elementor-heading-title elementor-size-default\"><span style=\"font-family: tahoma;font-size: large;font-weight: 400;text-align: start\">Ph\u1ea1m Tri\u1ec1u D\u01b0\u01a1ng<\/span><\/h2>\t\t\t\t<\/div>\n\t\t\t\t<\/div>\n\t\t\t\t\t<\/div>\n\t\t\t\t<\/div>\n\t\t<div class=\"elementor-element elementor-element-57cca70 e-flex e-con-boxed e-con e-parent\" data-id=\"57cca70\" data-element_type=\"container\">\n\t\t\t\t\t<div class=\"e-con-inner\">\n\t\t<div class=\"elementor-element elementor-element-1f8e8f7 e-con-full e-flex e-con e-child\" data-id=\"1f8e8f7\" data-element_type=\"container\">\n\t\t\t\t<div class=\"elementor-element elementor-element-a4e11bd elementor-widget elementor-widget-image\" data-id=\"a4e11bd\" data-element_type=\"widget\" data-widget_type=\"image.default\">\n\t\t\t\t\t\t\t\t\t\t\t\t\t\t\t<img decoding=\"async\" width=\"150\" height=\"150\" src=\"https:\/\/demo.sachtienganhtphcm.com\/wp-content\/uploads\/2025\/10\/avatar-fb-mac-dinh-39-150x150.jpg\" class=\"attachment-thumbnail size-thumbnail wp-image-878\" alt=\"\" srcset=\"https:\/\/demo.sachtienganhtphcm.com\/wp-content\/uploads\/2025\/10\/avatar-fb-mac-dinh-39-150x150.jpg 150w, https:\/\/demo.sachtienganhtphcm.com\/wp-content\/uploads\/2025\/10\/avatar-fb-mac-dinh-39-300x300.jpg 300w, https:\/\/demo.sachtienganhtphcm.com\/wp-content\/uploads\/2025\/10\/avatar-fb-mac-dinh-39-768x768.jpg 768w, https:\/\/demo.sachtienganhtphcm.com\/wp-content\/uploads\/2025\/10\/avatar-fb-mac-dinh-39.jpg 800w\" sizes=\"(max-width: 150px) 100vw, 150px\" \/>\t\t\t\t\t\t\t\t\t\t\t\t\t\t\t<\/div>\n\t\t\t\t<div class=\"elementor-element elementor-element-b6775e1 elementor-widget elementor-widget-heading\" data-id=\"b6775e1\" data-element_type=\"widget\" data-widget_type=\"heading.default\">\n\t\t\t\t\t<h2 class=\"elementor-heading-title elementor-size-default\"><span style=\"font-family: tahoma;font-size: large;text-align: start\">\u1ee6y vi\u00ean:<\/span><\/h2>\t\t\t\t<\/div>\n\t\t\t\t<div class=\"elementor-element elementor-element-4b5e0eb elementor-widget elementor-widget-heading\" data-id=\"4b5e0eb\" data-element_type=\"widget\" data-widget_type=\"heading.default\">\n\t\t\t\t\t<h2 class=\"elementor-heading-title elementor-size-default\"><span style=\"font-family: tahoma;font-size: large;font-weight: 400;text-align: start\">H\u00e0 Duy H\u01b0ng<\/span><\/h2>\t\t\t\t<\/div>\n\t\t\t\t<\/div>\n\t\t<div class=\"elementor-element elementor-element-6113313 e-con-full e-flex e-con e-child\" data-id=\"6113313\" data-element_type=\"container\">\n\t\t\t\t<div class=\"elementor-element elementor-element-4511fcd elementor-widget elementor-widget-image\" data-id=\"4511fcd\" data-element_type=\"widget\" data-widget_type=\"image.default\">\n\t\t\t\t\t\t\t\t\t\t\t\t\t\t\t<img decoding=\"async\" width=\"150\" height=\"150\" src=\"https:\/\/demo.sachtienganhtphcm.com\/wp-content\/uploads\/2025\/10\/avatar-fb-mac-dinh-39-150x150.jpg\" class=\"attachment-thumbnail size-thumbnail wp-image-878\" alt=\"\" srcset=\"https:\/\/demo.sachtienganhtphcm.com\/wp-content\/uploads\/2025\/10\/avatar-fb-mac-dinh-39-150x150.jpg 150w, https:\/\/demo.sachtienganhtphcm.com\/wp-content\/uploads\/2025\/10\/avatar-fb-mac-dinh-39-300x300.jpg 300w, https:\/\/demo.sachtienganhtphcm.com\/wp-content\/uploads\/2025\/10\/avatar-fb-mac-dinh-39-768x768.jpg 768w, https:\/\/demo.sachtienganhtphcm.com\/wp-content\/uploads\/2025\/10\/avatar-fb-mac-dinh-39.jpg 800w\" sizes=\"(max-width: 150px) 100vw, 150px\" \/>\t\t\t\t\t\t\t\t\t\t\t\t\t\t\t<\/div>\n\t\t\t\t<div class=\"elementor-element elementor-element-705454a elementor-widget elementor-widget-heading\" data-id=\"705454a\" data-element_type=\"widget\" data-widget_type=\"heading.default\">\n\t\t\t\t\t<h2 class=\"elementor-heading-title elementor-size-default\"><span style=\"font-family: tahoma;font-size: large;text-align: start\">\u1ee6y vi\u00ean:<\/span><\/h2>\t\t\t\t<\/div>\n\t\t\t\t<div class=\"elementor-element elementor-element-9a59975 elementor-widget elementor-widget-heading\" data-id=\"9a59975\" data-element_type=\"widget\" data-widget_type=\"heading.default\">\n\t\t\t\t\t<h2 class=\"elementor-heading-title elementor-size-default\"><span style=\"font-family: tahoma;font-size: large;font-weight: 400;text-align: start\">Nguy\u1ec5n Kh\u1eafc Minh<\/span><\/h2>\t\t\t\t<\/div>\n\t\t\t\t<\/div>\n\t\t<div class=\"elementor-element elementor-element-4bdd9f4 e-con-full e-flex e-con e-child\" data-id=\"4bdd9f4\" data-element_type=\"container\">\n\t\t\t\t<div class=\"elementor-element elementor-element-e93eac7 elementor-widget elementor-widget-image\" data-id=\"e93eac7\" data-element_type=\"widget\" data-widget_type=\"image.default\">\n\t\t\t\t\t\t\t\t\t\t\t\t\t\t\t<img decoding=\"async\" width=\"150\" height=\"150\" src=\"https:\/\/demo.sachtienganhtphcm.com\/wp-content\/uploads\/2025\/10\/avatar-fb-mac-dinh-39-150x150.jpg\" class=\"attachment-thumbnail size-thumbnail wp-image-878\" alt=\"\" srcset=\"https:\/\/demo.sachtienganhtphcm.com\/wp-content\/uploads\/2025\/10\/avatar-fb-mac-dinh-39-150x150.jpg 150w, https:\/\/demo.sachtienganhtphcm.com\/wp-content\/uploads\/2025\/10\/avatar-fb-mac-dinh-39-300x300.jpg 300w, https:\/\/demo.sachtienganhtphcm.com\/wp-content\/uploads\/2025\/10\/avatar-fb-mac-dinh-39-768x768.jpg 768w, https:\/\/demo.sachtienganhtphcm.com\/wp-content\/uploads\/2025\/10\/avatar-fb-mac-dinh-39.jpg 800w\" sizes=\"(max-width: 150px) 100vw, 150px\" \/>\t\t\t\t\t\t\t\t\t\t\t\t\t\t\t<\/div>\n\t\t\t\t<div class=\"elementor-element elementor-element-e8a34c9 elementor-widget elementor-widget-heading\" data-id=\"e8a34c9\" data-element_type=\"widget\" data-widget_type=\"heading.default\">\n\t\t\t\t\t<h2 class=\"elementor-heading-title elementor-size-default\"><span style=\"font-family: tahoma;font-size: large;text-align: start\">\u1ee6y vi\u00ean:<\/span><\/h2>\t\t\t\t<\/div>\n\t\t\t\t<div class=\"elementor-element elementor-element-cd206f9 elementor-widget elementor-widget-heading\" data-id=\"cd206f9\" data-element_type=\"widget\" data-widget_type=\"heading.default\">\n\t\t\t\t\t<h2 class=\"elementor-heading-title elementor-size-default\"><span style=\"font-family: tahoma;font-size: large;font-weight: 400;text-align: start\">Nguy\u1ec5n Ho\u00e0ng Th\u1ea1ch<\/span><\/h2>\t\t\t\t<\/div>\n\t\t\t\t<\/div>\n\t\t\t\t\t<\/div>\n\t\t\t\t<\/div>\n\t\t<div class=\"elementor-element elementor-element-9059218 e-flex e-con-boxed e-con e-parent\" data-id=\"9059218\" data-element_type=\"container\">\n\t\t\t\t\t<div class=\"e-con-inner\">\n\t\t\t\t<div class=\"elementor-element elementor-element-4555449 elementor-widget elementor-widget-heading\" data-id=\"4555449\" data-element_type=\"widget\" data-widget_type=\"heading.default\">\n\t\t\t\t\t<h2 class=\"elementor-heading-title elementor-size-default\">H\u1ed8I \u0110\u1ed2NG BI\u00caN T\u1eacP<\/h2>\t\t\t\t<\/div>\n\t\t\t\t<div class=\"elementor-element elementor-element-b6434e6 elementor-widget elementor-widget-text-editor\" data-id=\"b6434e6\" data-element_type=\"widget\" data-widget_type=\"text-editor.default\">\n\t\t\t\t\t\t\t\t\t<div>Ph\u1ea1m Huy\u00a0\u0110i\u1ec3n, Ng\u00f4 V\u0103n Minh, Nguy\u1ec5n Th\u00e0nh Nam, Tr\u1ea7n V\u0103n Nhung,<\/div><div>T\u1ea1 Duy Ph\u01b0\u1ee3ng,\u00a0Nguy\u1ec5n Duy Th\u00e1i S\u01a1n, Nguy\u1ec5n H\u00f9ng S\u01a1n, \u0110\u1ed7 \u0110\u1ee9c Th\u00e1i, Ph\u1ea1m V\u0103n Thi\u1ec1u,\u00a0V\u0169 Kim Th\u1ee7y,\u00a0Ng\u00f4 Vi\u1ec7t Trung, V\u0169 H\u00e0 V\u0103n, L\u00ea Anh Vinh.<\/div>\t\t\t\t\t\t\t\t<\/div>\n\t\t\t\t\t<\/div>\n\t\t\t\t<\/div>\n\t\t<div class=\"elementor-element elementor-element-f417665 e-flex e-con-boxed e-con e-parent\" data-id=\"f417665\" data-element_type=\"container\">\n\t\t\t\t\t<div class=\"e-con-inner\">\n\t\t\t\t<div class=\"elementor-element elementor-element-9908a37 elementor-widget elementor-widget-heading\" data-id=\"9908a37\" data-element_type=\"widget\" data-widget_type=\"heading.default\">\n\t\t\t\t\t<h2 class=\"elementor-heading-title elementor-size-default\">C\u1ed8NG T\u00c1C VI\u00caN TH\u01af\u1edcNG XUY\u00caN<\/h2>\t\t\t\t<\/div>\n\t\t\t\t<div class=\"elementor-element elementor-element-6c3e5c0 elementor-widget elementor-widget-text-editor\" data-id=\"6c3e5c0\" data-element_type=\"widget\" data-widget_type=\"text-editor.default\">\n\t\t\t\t\t\t\t\t\t<div>H\u1ea1 V\u0169 Anh, Nguy\u1ec5n Tu\u1ea5n Anh, V\u00f5 Qu\u1ed1c B\u00e1 C\u1ea9n, Ph\u1ea1m Ng\u1ecdc \u0110i\u1ec7p, \u0110\u00e0o Th\u1ecb Thu H\u00e0, L\u01b0u Th\u1ecb Thanh H\u00e0, Tr\u1ea7n Minh Hi\u1ec1n, Nguy\u1ec5n Hi\u1ec7p, Phan Thanh H\u1ed3ng, Tr\u1ea7n Quang H\u00f9ng,&nbsp;Nguy\u1ec5n Duy Li\u00ean, Ph\u1ea1m V\u0169 L\u1ed9c, Tr\u1ea7n Qu\u1ed1c Lu\u1eadt, Ki\u1ec1u \u0110\u00ecnh Minh, Nguy\u1ec5n Th\u1ecb Nhung,&nbsp;\u0110\u1eb7ng V\u0103n S\u01a1n, \u0110\u1ed7 Ho\u00e0ng S\u01a1n, \u0110\u00e0o M\u1ea1nh Th\u1eafng, L\u01b0u B\u00e1 Th\u1eafng, Nguy\u1ec5n T\u1ea5t Th\u1eafng,&nbsp;Nguy\u1ec5n Xu\u00e2n Th\u1ecd, Nguy\u1ec5n Ho\u00e0ng V\u0169, Chu C\u1ea9m Th\u01a1, H\u00e0 Trung.&nbsp;<\/div>\t\t\t\t\t\t\t\t<\/div>\n\t\t\t\t\t<\/div>\n\t\t\t\t<\/div>\n\t\t\t\t<\/div>\n\t\t","protected":false},"excerpt":{"rendered":"<p>BAN BI\u00caN T\u1eacP T\u1ed5ng Bi\u00ean T\u1eadp: H\u00e0 Huy Kho\u00e1i Ph\u00f3 T\u1ed5ng Bi\u00ean T\u1eadp: Ph\u00f9ng H\u1ed3 H\u1ea3i Ph\u00f3 T\u1ed5ng Bi\u00ean T\u1eadp: Nguy\u1ec5n Chu Gia V\u01b0\u1ee3ng&nbsp; Th\u01b0 k\u00fd T\u00f2a so\u1ea1n: V\u0169 Th\u1ebf Kh\u00f4i&nbsp; \u1ee6y vi\u00ean: Ng\u00f4 B\u1ea3o Ch\u00e2u \u1ee6y vi\u00ean: Tr\u1ea7n Nam D\u0169ng \u1ee6y vi\u00ean: Ph\u1ea1m Tri\u1ec1u D\u01b0\u01a1ng \u1ee6y vi\u00ean: H\u00e0 Duy H\u01b0ng \u1ee6y vi\u00ean: Nguy\u1ec5n Kh\u1eafc [&hellip;]<\/p>\n","protected":false},"author":1,"featured_media":0,"parent":0,"menu_order":0,"comment_status":"closed","ping_status":"closed","template":"","meta":{"_acf_changed":false,"footnotes":""},"class_list":["post-352","page","type-page","status-publish","hentry"],"acf":[],"_links":{"self":[{"href":"https:\/\/demo.sachtienganhtphcm.com\/index.php\/wp-json\/wp\/v2\/pages\/352","targetHints":{"allow":["GET"]}}],"collection":[{"href":"https:\/\/demo.sachtienganhtphcm.com\/index.php\/wp-json\/wp\/v2\/pages"}],"about":[{"href":"https:\/\/demo.sachtienganhtphcm.com\/index.php\/wp-json\/wp\/v2\/types\/page"}],"author":[{"embeddable":true,"href":"https:\/\/demo.sachtienganhtphcm.com\/index.php\/wp-json\/wp\/v2\/users\/1"}],"replies":[{"embeddable":true,"href":"https:\/\/demo.sachtienganhtphcm.com\/index.php\/wp-json\/wp\/v2\/comments?post=352"}],"version-history":[{"count":4,"href":"https:\/\/demo.sachtienganhtphcm.com\/index.php\/wp-json\/wp\/v2\/pages\/352\/revisions"}],"predecessor-version":[{"id":881,"href":"https:\/\/demo.sachtienganhtphcm.com\/index.php\/wp-json\/wp\/v2\/pages\/352\/revisions\/881"}],"wp:attachment":[{"href":"https:\/\/demo.sachtienganhtphcm.com\/index.php\/wp-json\/wp\/v2\/media?parent=352"}],"curies":[{"name":"wp","href":"https:\/\/api.w.org\/{rel}","templated":true}]}}